{"id":3622,"date":"2024-07-11T09:54:49","date_gmt":"2024-07-11T14:54:49","guid":{"rendered":"https:\/\/devcofi.wpenginepowered.com\/?page_id=3622"},"modified":"2024-10-10T12:09:01","modified_gmt":"2024-10-10T17:09:01","slug":"training-registration-for-phase-3-policy-action-train-the-trainer-organizer","status":"publish","type":"page","link":"https:\/\/cofionline.org\/es\/get-training\/cofi-center-for-action-and-learning\/training-registration-for-phase-3-policy-action-train-the-trainer-organizer\/","title":{"rendered":"Registro de capacitaci\u00f3n para la Fase 3: Pol\u00edtica y acci\u00f3n Capacitar al capacitador \/ Organizador"},"content":{"rendered":"<p>[et_pb_section fb_built=&#8221;1&#8243; admin_label=&#8221;section&#8221; _builder_version=&#8221;4.16&#8243; global_colors_info=&#8221;{}&#8221;][et_pb_row admin_label=&#8221;row&#8221; _builder_version=&#8221;4.16&#8243; background_size=&#8221;initial&#8221; background_position=&#8221;top_left&#8221; background_repeat=&#8221;repeat&#8221; global_colors_info=&#8221;{}&#8221;][et_pb_column type=&#8221;4_4&#8243; _builder_version=&#8221;4.16&#8243; custom_padding=&#8221;|||&#8221; global_colors_info=&#8221;{}&#8221; custom_padding__hover=&#8221;|||&#8221;][et_pb_image src=&#8221;https:\/\/cofionline.org\/wp-content\/uploads\/2022\/11\/CCAL-logo-horizontal-wider-scaled.jpg&#8221; alt=&#8221;COFI logo with a circle and text that reads %22COFI Center for Action and Learning%22&#8243; title_text=&#8221;CCAL-logo-horizontal-wider&#8221; align=&#8221;center&#8221; _builder_version=&#8221;4.27.0&#8243; _module_preset=&#8221;default&#8221; width=&#8221;56%&#8221; custom_padding=&#8221;||1px|||&#8221; global_colors_info=&#8221;{}&#8221;][\/et_pb_image][et_pb_code _builder_version=&#8221;4.27.0&#8243; _module_preset=&#8221;default&#8221; global_colors_info=&#8221;{}&#8221;]<script type=\"text\/javascript\" src=\"https:\/\/secure.lglforms.com\/form_engine\/s\/V4PyPvIyZHowCZUpPO7pYA.js\"><\/script><noscript><a href=\"https:\/\/secure.lglforms.com\/form_engine\/s\/V4PyPvIyZHowCZUpPO7pYA\">Fill out my LGL Form!<\/a><!\u2013- [et_pb_br_holder] -\u2013><\/noscript>[\/et_pb_code][\/et_pb_column][\/et_pb_row][\/et_pb_section]<\/p>\n","protected":false},"excerpt":{"rendered":"","protected":false},"author":17,"featured_media":0,"parent":1937,"menu_order":1,"comment_status":"closed","ping_status":"closed","template":"","meta":{"_acf_changed":false,"_et_pb_use_builder":"on","_et_pb_old_content":"<!-- wp:columns {\"align\":\"wide\"} -->\r\n<div class=\"wp-block-columns alignwide\"><!-- wp:column -->\r\n<div class=\"wp-block-column\"><!-- wp:image {\"align\":\"center\",\"id\":2380,\"width\":\"644px\",\"height\":\"203px\",\"scale\":\"cover\",\"sizeSlug\":\"large\",\"linkDestination\":\"none\",\"className\":\"is-resized\"} -->\r\n<figure class=\"wp-block-image aligncenter size-large is-resized\"><img src=\"https:\/\/cofionline.org\/wp-content\/uploads\/2022\/11\/CCAL-logo-1200x379.jpg\" alt=\"COFI Center logo\" class=\"wp-image-2380\" style=\"object-fit:cover;width:644px;height:203px\"\/><\/figure>\r\n<!-- \/wp:image -->\r\n\r\n<!-- wp:html -->\r\n<script type=\"text\/javascript\" src=\"https:\/\/secure.lglforms.com\/form_engine\/s\/RpM8PA7RQNKitXnZw7Bonw.js\"><\/script><noscript><a href=\"https:\/\/secure.lglforms.com\/form_engine\/s\/RpM8PA7RQNKitXnZw7Bonw\">Fill out my LGL Form!<\/a><br\/><\/noscript>\r\n<!-- \/wp:html --><\/div>\r\n<!-- \/wp:column --><\/div>\r\n<!-- \/wp:columns -->","_et_gb_content_width":"","footnotes":""},"class_list":["post-3622","page","type-page","status-publish","hentry"],"acf":[],"yoast_head":"<!-- This site is optimized with the Yoast SEO plugin v27.4 - https:\/\/yoast.com\/product\/yoast-seo-wordpress\/ -->\n<title>Training Registration for Phase 3: Policy &amp; Action Train-the-Trainer \/ Organizer | COFI<\/title>\n<meta name=\"description\" content=\"Please complete a registration form for each participant and submit payment in order to register for COFI Center workshops in 2023-2024.\" \/>\n<meta name=\"robots\" content=\"index, follow, max-snippet:-1, max-image-preview:large, max-video-preview:-1\" \/>\n<link rel=\"canonical\" href=\"https:\/\/cofionline.org\/es\/get-training\/cofi-center-for-action-and-learning\/training-registration-for-phase-3-policy-action-train-the-trainer-organizer\/\" \/>\n<meta property=\"og:locale\" content=\"es_MX\" \/>\n<meta property=\"og:type\" content=\"article\" \/>\n<meta property=\"og:title\" content=\"Training Registration for Phase 3: Policy &amp; Action Train-the-Trainer \/ Organizer | COFI\" \/>\n<meta property=\"og:description\" content=\"Please complete a registration form for each participant and submit payment in order to register for COFI Center workshops in 2023-2024.\" \/>\n<meta property=\"og:url\" content=\"https:\/\/cofionline.org\/es\/get-training\/cofi-center-for-action-and-learning\/training-registration-for-phase-3-policy-action-train-the-trainer-organizer\/\" \/>\n<meta property=\"og:site_name\" content=\"COFI\" \/>\n<meta property=\"article:modified_time\" content=\"2024-10-10T17:09:01+00:00\" \/>\n<meta name=\"twitter:card\" content=\"summary_large_image\" \/>\n<meta name=\"twitter:label1\" content=\"Tiempo de lectura\" \/>\n\t<meta name=\"twitter:data1\" content=\"1 minuto\" \/>\n<script type=\"application\/ld+json\" class=\"yoast-schema-graph\">{\"@context\":\"https:\\\/\\\/schema.org\",\"@graph\":[{\"@type\":\"WebPage\",\"@id\":\"https:\\\/\\\/cofionline.org\\\/get-training\\\/cofi-center-for-action-and-learning\\\/training-registration-for-phase-3-policy-action-train-the-trainer-organizer\\\/\",\"url\":\"https:\\\/\\\/cofionline.org\\\/get-training\\\/cofi-center-for-action-and-learning\\\/training-registration-for-phase-3-policy-action-train-the-trainer-organizer\\\/\",\"name\":\"Training Registration for Phase 3: Policy & Action Train-the-Trainer \\\/ Organizer | COFI\",\"isPartOf\":{\"@id\":\"https:\\\/\\\/cofionline.org\\\/#website\"},\"datePublished\":\"2024-07-11T14:54:49+00:00\",\"dateModified\":\"2024-10-10T17:09:01+00:00\",\"description\":\"Please complete a registration form for each participant and submit payment in order to register for COFI Center workshops in 2023-2024.\",\"breadcrumb\":{\"@id\":\"https:\\\/\\\/cofionline.org\\\/get-training\\\/cofi-center-for-action-and-learning\\\/training-registration-for-phase-3-policy-action-train-the-trainer-organizer\\\/#breadcrumb\"},\"inLanguage\":\"es\",\"potentialAction\":[{\"@type\":\"ReadAction\",\"target\":[\"https:\\\/\\\/cofionline.org\\\/get-training\\\/cofi-center-for-action-and-learning\\\/training-registration-for-phase-3-policy-action-train-the-trainer-organizer\\\/\"]}]},{\"@type\":\"BreadcrumbList\",\"@id\":\"https:\\\/\\\/cofionline.org\\\/get-training\\\/cofi-center-for-action-and-learning\\\/training-registration-for-phase-3-policy-action-train-the-trainer-organizer\\\/#breadcrumb\",\"itemListElement\":[{\"@type\":\"ListItem\",\"position\":1,\"name\":\"Home\",\"item\":\"https:\\\/\\\/cofionline.org\\\/\"},{\"@type\":\"ListItem\",\"position\":2,\"name\":\"Get Training\",\"item\":\"https:\\\/\\\/cofionline.org\\\/get-training\\\/\"},{\"@type\":\"ListItem\",\"position\":3,\"name\":\"COFI Center for Action and Learning\",\"item\":\"https:\\\/\\\/cofionline.org\\\/get-training\\\/cofi-center-for-action-and-learning\\\/\"},{\"@type\":\"ListItem\",\"position\":4,\"name\":\"Training Registration for Phase 3: Policy &#038; Action Train-the-Trainer \\\/ Organizer\"}]},{\"@type\":\"WebSite\",\"@id\":\"https:\\\/\\\/cofionline.org\\\/#website\",\"url\":\"https:\\\/\\\/cofionline.org\\\/\",\"name\":\"COFI | Community Organizing and Family Issues\",\"description\":\"Community Organizing and Family Issues\",\"publisher\":{\"@id\":\"https:\\\/\\\/cofionline.org\\\/#organization\"},\"potentialAction\":[{\"@type\":\"SearchAction\",\"target\":{\"@type\":\"EntryPoint\",\"urlTemplate\":\"https:\\\/\\\/cofionline.org\\\/?s={search_term_string}\"},\"query-input\":{\"@type\":\"PropertyValueSpecification\",\"valueRequired\":true,\"valueName\":\"search_term_string\"}}],\"inLanguage\":\"es\"},{\"@type\":\"Organization\",\"@id\":\"https:\\\/\\\/cofionline.org\\\/#organization\",\"name\":\"COFI | Community Organizing and Family Issues\",\"url\":\"https:\\\/\\\/cofionline.org\\\/\",\"logo\":{\"@type\":\"ImageObject\",\"inLanguage\":\"es\",\"@id\":\"https:\\\/\\\/cofionline.org\\\/#\\\/schema\\\/logo\\\/image\\\/\",\"url\":\"https:\\\/\\\/cofionline.org\\\/wp-content\\\/uploads\\\/2022\\\/12\\\/logo-cofi.png\",\"contentUrl\":\"https:\\\/\\\/cofionline.org\\\/wp-content\\\/uploads\\\/2022\\\/12\\\/logo-cofi.png\",\"width\":518,\"height\":180,\"caption\":\"COFI | Community Organizing and Family Issues\"},\"image\":{\"@id\":\"https:\\\/\\\/cofionline.org\\\/#\\\/schema\\\/logo\\\/image\\\/\"}}]}<\/script>\n<!-- \/ Yoast SEO plugin. -->","yoast_head_json":{"title":"Registro de capacitaci\u00f3n para la Fase 3: Pol\u00edtica y acci\u00f3n Capacitar al capacitador\/organizador | COFI","description":"Complete un formulario de registro para cada participante y env\u00ede el pago para registrarse en los talleres del Centro COFI en 2023-2024.","robots":{"index":"index","follow":"follow","max-snippet":"max-snippet:-1","max-image-preview":"max-image-preview:large","max-video-preview":"max-video-preview:-1"},"canonical":"https:\/\/cofionline.org\/es\/get-training\/cofi-center-for-action-and-learning\/training-registration-for-phase-3-policy-action-train-the-trainer-organizer\/","og_locale":"es_MX","og_type":"article","og_title":"Training Registration for Phase 3: Policy & Action Train-the-Trainer \/ Organizer | COFI","og_description":"Please complete a registration form for each participant and submit payment in order to register for COFI Center workshops in 2023-2024.","og_url":"https:\/\/cofionline.org\/es\/get-training\/cofi-center-for-action-and-learning\/training-registration-for-phase-3-policy-action-train-the-trainer-organizer\/","og_site_name":"COFI","article_modified_time":"2024-10-10T17:09:01+00:00","twitter_card":"summary_large_image","twitter_misc":{"Tiempo de lectura":"1 minuto"},"schema":{"@context":"https:\/\/schema.org","@graph":[{"@type":"WebPage","@id":"https:\/\/cofionline.org\/get-training\/cofi-center-for-action-and-learning\/training-registration-for-phase-3-policy-action-train-the-trainer-organizer\/","url":"https:\/\/cofionline.org\/get-training\/cofi-center-for-action-and-learning\/training-registration-for-phase-3-policy-action-train-the-trainer-organizer\/","name":"Registro de capacitaci\u00f3n para la Fase 3: Pol\u00edtica y acci\u00f3n Capacitar al capacitador\/organizador | COFI","isPartOf":{"@id":"https:\/\/cofionline.org\/#website"},"datePublished":"2024-07-11T14:54:49+00:00","dateModified":"2024-10-10T17:09:01+00:00","description":"Complete un formulario de registro para cada participante y env\u00ede el pago para registrarse en los talleres del Centro COFI en 2023-2024.","breadcrumb":{"@id":"https:\/\/cofionline.org\/get-training\/cofi-center-for-action-and-learning\/training-registration-for-phase-3-policy-action-train-the-trainer-organizer\/#breadcrumb"},"inLanguage":"es","potentialAction":[{"@type":"ReadAction","target":["https:\/\/cofionline.org\/get-training\/cofi-center-for-action-and-learning\/training-registration-for-phase-3-policy-action-train-the-trainer-organizer\/"]}]},{"@type":"BreadcrumbList","@id":"https:\/\/cofionline.org\/get-training\/cofi-center-for-action-and-learning\/training-registration-for-phase-3-policy-action-train-the-trainer-organizer\/#breadcrumb","itemListElement":[{"@type":"ListItem","position":1,"name":"Home","item":"https:\/\/cofionline.org\/"},{"@type":"ListItem","position":2,"name":"Get Training","item":"https:\/\/cofionline.org\/get-training\/"},{"@type":"ListItem","position":3,"name":"COFI Center for Action and Learning","item":"https:\/\/cofionline.org\/get-training\/cofi-center-for-action-and-learning\/"},{"@type":"ListItem","position":4,"name":"Training Registration for Phase 3: Policy &#038; Action Train-the-Trainer \/ Organizer"}]},{"@type":"WebSite","@id":"https:\/\/cofionline.org\/#website","url":"https:\/\/cofionline.org\/","name":"COFI | Organizaci\u00f3n comunitaria y asuntos familiares","description":"Organizaci\u00f3n comunitaria y asuntos familiares","publisher":{"@id":"https:\/\/cofionline.org\/#organization"},"potentialAction":[{"@type":"SearchAction","target":{"@type":"EntryPoint","urlTemplate":"https:\/\/cofionline.org\/?s={search_term_string}"},"query-input":{"@type":"PropertyValueSpecification","valueRequired":true,"valueName":"search_term_string"}}],"inLanguage":"es"},{"@type":"Organization","@id":"https:\/\/cofionline.org\/#organization","name":"COFI | Organizaci\u00f3n comunitaria y asuntos familiares","url":"https:\/\/cofionline.org\/","logo":{"@type":"ImageObject","inLanguage":"es","@id":"https:\/\/cofionline.org\/#\/schema\/logo\/image\/","url":"https:\/\/cofionline.org\/wp-content\/uploads\/2022\/12\/logo-cofi.png","contentUrl":"https:\/\/cofionline.org\/wp-content\/uploads\/2022\/12\/logo-cofi.png","width":518,"height":180,"caption":"COFI | Community Organizing and Family Issues"},"image":{"@id":"https:\/\/cofionline.org\/#\/schema\/logo\/image\/"}}]}},"_links":{"self":[{"href":"https:\/\/cofionline.org\/es\/wp-json\/wp\/v2\/pages\/3622","targetHints":{"allow":["GET"]}}],"collection":[{"href":"https:\/\/cofionline.org\/es\/wp-json\/wp\/v2\/pages"}],"about":[{"href":"https:\/\/cofionline.org\/es\/wp-json\/wp\/v2\/types\/page"}],"author":[{"embeddable":true,"href":"https:\/\/cofionline.org\/es\/wp-json\/wp\/v2\/users\/17"}],"replies":[{"embeddable":true,"href":"https:\/\/cofionline.org\/es\/wp-json\/wp\/v2\/comments?post=3622"}],"version-history":[{"count":0,"href":"https:\/\/cofionline.org\/es\/wp-json\/wp\/v2\/pages\/3622\/revisions"}],"up":[{"embeddable":true,"href":"https:\/\/cofionline.org\/es\/wp-json\/wp\/v2\/pages\/1937"}],"wp:attachment":[{"href":"https:\/\/cofionline.org\/es\/wp-json\/wp\/v2\/media?parent=3622"}],"curies":[{"name":"wp","href":"https:\/\/api.w.org\/{rel}","templated":true}]}}