{"id":3172,"date":"2023-08-02T16:19:21","date_gmt":"2023-08-02T21:19:21","guid":{"rendered":"https:\/\/devcofi.wpenginepowered.com\/?page_id=3172"},"modified":"2025-10-02T13:16:14","modified_gmt":"2025-10-02T18:16:14","slug":"evaluations","status":"publish","type":"page","link":"https:\/\/cofionline.org\/es\/the-work\/our-impact\/evaluations\/","title":{"rendered":"Evaluaciones"},"content":{"rendered":"<h5 class=\"wp-block-heading\">COFI ha emprendido extensas evaluaciones internas y externas de <em>El modelo de COFI<\/em>El impacto en las familias y las comunidades. Lo invitamos a sumergirse en la investigaci\u00f3n y aprender m\u00e1s sobre la efectividad de nuestro modelo de organizaci\u00f3n centrado en la familia a lo largo de las \u00faltimas tres d\u00e9cadas.<\/h5>\r\n<p style=\"text-align: left;\">\u00a0<\/p>\r\n\r\n\r\n\r\n<div class=\"wp-block-columns is-layout-flex wp-container-core-columns-is-layout-9d6595d7 wp-block-columns-is-layout-flex\">\r\n<div class=\"wp-block-column is-layout-flow wp-block-column-is-layout-flow\">\r\n<figure class=\"wp-block-image aligncenter size-full is-resized\"><a href=\"https:\/\/muse.jhu.edu\/article\/800699\"><img loading=\"lazy\" decoding=\"async\" class=\"wp-image-3173\" src=\"https:\/\/cofionline.org\/wp-content\/uploads\/2023\/08\/front_cover.jpg\" alt=\"\" width=\"199\" height=\"298\" srcset=\"https:\/\/cofionline.org\/wp-content\/uploads\/2023\/08\/front_cover.jpg 500w, https:\/\/cofionline.org\/wp-content\/uploads\/2023\/08\/front_cover-8x12.jpg 8w\" sizes=\"(max-width: 199px) 100vw, 199px\" \/><\/a><\/figure>\r\n\r\n\r\n\r\n<h6 class=\"wp-block-heading\">Parentesco restaurativo: c\u00f3mo un movimiento local de mujeres de color transforma las relaciones familiares<\/h6>\r\n\r\n\r\n\r\n<p>Jennifer E. Cossyleon, PhD<br \/>Fronteras: una revista de estudios sobre la mujer, 2021<\/p>\r\n\r\n\r\n\r\n<p><a href=\"https:\/\/muse.jhu.edu\/article\/800699\">Publicaci\u00f3n<\/a> | <a href=\"https:\/\/frontiers.utah.edu\/jennifer-e-cossyleon\/?fbclid=IwAR1eARLi7mxhdAGwJ17jWnWY0iv6UhW-4zkyk8yDNxtmoKtdbNCrdSUuNxQ\">Entrada en el blog<\/a><\/p>\r\n<\/div>\r\n\r\n\r\n\r\n<div class=\"wp-block-column is-layout-flow wp-block-column-is-layout-flow\">\r\n<figure class=\"wp-block-image aligncenter size-full is-resized\"><a href=\"https:\/\/www.goodreads.com\/book\/show\/53927115-project-impact-reports-parent-leadership-evaluation-network\"><img loading=\"lazy\" decoding=\"async\" class=\"wp-image-3193\" src=\"https:\/\/cofionline.org\/wp-content\/uploads\/2023\/08\/parent-leadership.jpeg\" alt=\"\" width=\"198\" height=\"298\" srcset=\"https:\/\/cofionline.org\/wp-content\/uploads\/2023\/08\/parent-leadership.jpeg 333w, https:\/\/cofionline.org\/wp-content\/uploads\/2023\/08\/parent-leadership-8x12.jpeg 8w\" sizes=\"(max-width: 198px) 100vw, 198px\" \/><\/a><\/figure>\r\n\r\n\r\n\r\n<h6 class=\"wp-block-heading\">Informes de impacto del proyecto Red de Evaluaci\u00f3n de Liderazgo de Padres<\/h6>\r\n\r\n\r\n\r\n<p>Centro Metropolitano de Investigaciones sobre la Equidad y la Transformaci\u00f3n de las Escuelas, <br \/>Fronteras: una revista de estudios sobre la mujer, 2019<\/p>\r\n\r\n\r\n\r\n<p><a href=\"https:\/\/www.goodreads.com\/book\/show\/53927115-project-impact-reports-parent-leadership-evaluation-network\">Publicaci\u00f3n<\/a><\/p>\r\n<\/div>\r\n<\/div>\r\n\r\n\r\n\r\n<div class=\"wp-block-columns is-layout-flex wp-container-core-columns-is-layout-9d6595d7 wp-block-columns-is-layout-flex\">\r\n<div class=\"wp-block-column is-layout-flow wp-block-column-is-layout-flow\">\r\n<figure class=\"wp-block-image aligncenter size-full is-resized\"><a href=\"https:\/\/cofionline.org\/es\/publications\/no-decisions-about-us-without-us\/\"><img loading=\"lazy\" decoding=\"async\" class=\"wp-image-2500\" src=\"https:\/\/cofionline.org\/wp-content\/uploads\/2022\/11\/Screen-Shot-2018-05-31-at-1.47.16-PM.webp\" alt=\"No Decisions About Us, Without Us report cover\" width=\"212\" height=\"275\" srcset=\"https:\/\/cofionline.org\/wp-content\/uploads\/2022\/11\/Screen-Shot-2018-05-31-at-1.47.16-PM.webp 750w, https:\/\/cofionline.org\/wp-content\/uploads\/2022\/11\/Screen-Shot-2018-05-31-at-1.47.16-PM-600x778.webp 600w\" sizes=\"(max-width: 212px) 100vw, 212px\" \/><\/a><\/figure>\r\n\r\n\r\n\r\n<h6 class=\"wp-block-heading\">Sin decisiones sobre nosotros, sin nosotros<\/h6>\r\n\r\n\r\n\r\n<p>COFI, 2018<\/p>\r\n\r\n\r\n\r\n<p><a href=\"https:\/\/cofionline.org\/wp-content\/uploads\/2022\/11\/COFI-IAC-NoDecisions-Report-web-1.pdf\">Publicaci\u00f3n<\/a><\/p>\r\n<\/div>\r\n\r\n\r\n\r\n<div class=\"wp-block-column is-layout-flow wp-block-column-is-layout-flow\">\r\n<figure class=\"wp-block-image aligncenter size-full is-resized\"><a href=\"https:\/\/cofionline.org\/es\/publications\/executive-summary-of-cofi-replication-and-expansion-success-paper\/\"><img loading=\"lazy\" decoding=\"async\" class=\"wp-image-2512\" src=\"https:\/\/cofionline.org\/wp-content\/uploads\/2022\/11\/Featured-Image-Exec-Summary.webp\" alt=\"Executive Summary of COFI Replication and Expansion Success Paper report cover\" width=\"233\" height=\"301\" srcset=\"https:\/\/cofionline.org\/wp-content\/uploads\/2022\/11\/Featured-Image-Exec-Summary.webp 750w, https:\/\/cofionline.org\/wp-content\/uploads\/2022\/11\/Featured-Image-Exec-Summary-600x778.webp 600w\" sizes=\"(max-width: 233px) 100vw, 233px\" \/><\/a><\/figure>\r\n\r\n\r\n\r\n<h6 class=\"wp-block-heading\">Resumen ejecutivo del documento de \u00e9xito de replicaci\u00f3n y expansi\u00f3n de COFI<\/h6>\r\n\r\n\r\n\r\n<p>COFI, 2018<\/p>\r\n\r\n\r\n\r\n<p><a href=\"https:\/\/cofionline.org\/wp-content\/uploads\/2022\/11\/Executive-Summary-of-COFI-Replication-and-Expansion-Success-Paper.pdf\">Publicaci\u00f3n<\/a><\/p>\r\n<\/div>\r\n<\/div>\r\n\r\n\r\n\r\n<div class=\"wp-block-columns is-layout-flex wp-container-core-columns-is-layout-9d6595d7 wp-block-columns-is-layout-flex\">\r\n<div class=\"wp-block-column is-layout-flow wp-block-column-is-layout-flow\">\r\n<figure class=\"wp-block-image aligncenter size-full is-resized\"><a href=\"https:\/\/journals.sagepub.com\/doi\/pdf\/10.1177\/2378023117734729\"><img loading=\"lazy\" decoding=\"async\" class=\"wp-image-3174\" src=\"https:\/\/cofionline.org\/wp-content\/uploads\/2023\/08\/socius.webp\" alt=\"\" width=\"214\" height=\"277\" srcset=\"https:\/\/cofionline.org\/wp-content\/uploads\/2023\/08\/socius.webp 231w, https:\/\/cofionline.org\/wp-content\/uploads\/2023\/08\/socius-9x12.webp 9w\" sizes=\"(max-width: 214px) 100vw, 214px\" \/><\/a><\/figure>\r\n\r\n\r\n\r\n<h6 class=\"wp-block-heading\">\u201cSaliendo de mi caparaz\u00f3n\u201d: madres l\u00edderes que luchan contra el miedo, la vulnerabilidad y la desesperaci\u00f3n a trav\u00e9s de la organizaci\u00f3n comunitaria centrada en la familia<\/h6>\r\n\r\n\r\n\r\n<p>Jennifer E. Cossyleon, PhD<br \/>Socius: Investigaci\u00f3n sociol\u00f3gica para un mundo din\u00e1mico, 2018<\/p>\r\n\r\n\r\n\r\n<p><a href=\"https:\/\/journals.sagepub.com\/doi\/pdf\/10.1177\/2378023117734729\">Publicaci\u00f3n<\/a><\/p>\r\n<\/div>\r\n\r\n\r\n\r\n<div class=\"wp-block-column is-layout-flow wp-block-column-is-layout-flow\">\r\n<figure class=\"wp-block-image aligncenter size-full is-resized\"><a href=\"https:\/\/ecommons.luc.edu\/luc_diss\/2949\/\"><img loading=\"lazy\" decoding=\"async\" class=\"wp-image-3179\" src=\"https:\/\/cofionline.org\/wp-content\/uploads\/2023\/08\/Captura-de-pantalla-2023-08-02-a-les-4.44.58-p.-m.png\" alt=\"\" width=\"217\" height=\"276\" srcset=\"https:\/\/cofionline.org\/wp-content\/uploads\/2023\/08\/Captura-de-pantalla-2023-08-02-a-les-4.44.58-p.-m.png 702w, https:\/\/cofionline.org\/wp-content\/uploads\/2023\/08\/Captura-de-pantalla-2023-08-02-a-les-4.44.58-p.-m-600x764.png 600w, https:\/\/cofionline.org\/wp-content\/uploads\/2023\/08\/Captura-de-pantalla-2023-08-02-a-les-4.44.58-p.-m-9x12.png 9w\" sizes=\"(max-width: 217px) 100vw, 217px\" \/><\/a><\/figure>\r\n\r\n\r\n\r\n<h6 class=\"wp-block-heading\">\u201c\u00a1Esc\u00fachanos, m\u00edranos!\u201d C\u00f3mo las madres de color transforman las relaciones familiares y comunitarias a trav\u00e9s de la acci\u00f3n colectiva de base<\/h6>\r\n\r\n\r\n\r\n<p>Jennifer E. Cossyleon, PhD<br \/>Universidad Loyola, 2018<\/p>\r\n\r\n\r\n\r\n<p><a href=\"https:\/\/ecommons.luc.edu\/luc_diss\/2949\/\">Publicaci\u00f3n<\/a><\/p>\r\n<\/div>\r\n<\/div>\r\n\r\n\r\n\r\n<div class=\"wp-block-columns is-layout-flex wp-container-core-columns-is-layout-9d6595d7 wp-block-columns-is-layout-flex\">\r\n<div class=\"wp-block-column is-layout-flow wp-block-column-is-layout-flow\">\r\n<figure class=\"wp-block-image aligncenter size-full is-resized\"><a href=\"https:\/\/cofionline.org\/es\/publications\/cofi-replication-and-expansion-evaluative-paper\/\"><img loading=\"lazy\" decoding=\"async\" class=\"wp-image-2508\" src=\"https:\/\/cofionline.org\/wp-content\/uploads\/2022\/11\/COFI-Replication-Paper.webp\" alt=\"COFI Replication and Expansion Evaluative Paper cover\" width=\"213\" height=\"275\" \/><\/a><\/figure>\r\n\r\n\r\n\r\n<h6 class=\"wp-block-heading\">Documento de evaluaci\u00f3n de replicaci\u00f3n y expansi\u00f3n de COFI<\/h6>\r\n\r\n\r\n\r\n<p>COFI, 2017<\/p>\r\n\r\n\r\n\r\n<p><a href=\"https:\/\/cofionline.org\/wp-content\/uploads\/2022\/11\/Success-Story-COFI-Replication-and-Expansion-Evaluative-Paper-Fall-2017.pdf\">Publicaci\u00f3n<\/a><\/p>\r\n\r\n\r\n\r\n<div class=\"wp-block-spacer\" style=\"height: 89px;\" aria-hidden=\"true\">\u00a0<\/div>\r\n\r\n\r\n\r\n<figure class=\"wp-block-image aligncenter size-full is-resized\"><a href=\"https:\/\/bookshop.org\/p\/books\/democracy-in-action-community-organizing-and-urban-change-kristina-smock\/12863032\"><img loading=\"lazy\" decoding=\"async\" class=\"wp-image-3182\" src=\"https:\/\/cofionline.org\/wp-content\/uploads\/2023\/08\/democracy.webp\" alt=\"\" width=\"184\" height=\"275\" srcset=\"https:\/\/cofionline.org\/wp-content\/uploads\/2023\/08\/democracy.webp 267w, https:\/\/cofionline.org\/wp-content\/uploads\/2023\/08\/democracy-8x12.webp 8w\" sizes=\"(max-width: 184px) 100vw, 184px\" \/><\/a><\/figure>\r\n\r\n\r\n\r\n<h6 class=\"wp-block-heading\">Democracia en Acci\u00f3n: Organizaci\u00f3n Comunitaria y Cambio Urbano<\/h6>\r\n\r\n\r\n\r\n<p>Bata Kristina, 2004<\/p>\r\n\r\n\r\n\r\n<p><a href=\"https:\/\/bookshop.org\/p\/books\/democracy-in-action-community-organizing-and-urban-change-kristina-smock\/12863032\">Publicaci\u00f3n<\/a><\/p>\r\n<\/div>\r\n\r\n\r\n\r\n<div class=\"wp-block-column is-layout-flow wp-block-column-is-layout-flow\">\r\n<figure class=\"wp-block-image aligncenter size-full is-resized\"><a href=\"https:\/\/parentleadershipevaluation.steinhardt.nyu.edu\/about\/theory-of-change\"><img loading=\"lazy\" decoding=\"async\" class=\"wp-image-3181\" src=\"https:\/\/cofionline.org\/wp-content\/uploads\/2023\/08\/Captura-de-pantalla-2023-08-02-a-les-5.04.11-p.-m.png\" alt=\"\" width=\"227\" height=\"274\" srcset=\"https:\/\/cofionline.org\/wp-content\/uploads\/2023\/08\/Captura-de-pantalla-2023-08-02-a-les-5.04.11-p.-m.png 1078w, https:\/\/cofionline.org\/wp-content\/uploads\/2023\/08\/Captura-de-pantalla-2023-08-02-a-les-5.04.11-p.-m-600x724.png 600w, https:\/\/cofionline.org\/wp-content\/uploads\/2023\/08\/Captura-de-pantalla-2023-08-02-a-les-5.04.11-p.-m-800x965.png 800w, https:\/\/cofionline.org\/wp-content\/uploads\/2023\/08\/Captura-de-pantalla-2023-08-02-a-les-5.04.11-p.-m-10x12.png 10w\" sizes=\"(max-width: 227px) 100vw, 227px\" \/><\/a><\/figure>\r\n\r\n\r\n\r\n<h6 class=\"wp-block-heading\">Capturando el efecto domin\u00f3: desarrollando una teor\u00eda del cambio para evaluar las iniciativas de liderazgo de los padres<\/h6>\r\n\r\n\r\n\r\n<p>Anne T. Henderson, Kate Gill Kressley, Susan Frankel <br \/>Instituto Annenberg para la Reforma Escolar, 2016<\/p>\r\n\r\n\r\n\r\n<p><a href=\"https:\/\/parentleadershipevaluation.steinhardt.nyu.edu\/sites\/default\/files\/inline-files\/capturingtherippleeffectreportweb.pdf\">Publicaci\u00f3n<\/a><\/p>\r\n<\/div>\r\n<\/div>\r\n\r\n\r\n\r\n<p>&nbsp;<\/p>","protected":false},"excerpt":{"rendered":"<p>COFI has undertaken extensive internal and external evaluations of The COFI Way\u2019s impact on families and communities. We invite you to dive into the research and learn more about the effectiveness of our family-focused organizing model throughout the last three decades. \u00a0 Restorative Kinship: How a Local Movement of Women of Color Transforms Family Relationships [&hellip;]<\/p>\n","protected":false},"author":13,"featured_media":0,"parent":311,"menu_order":0,"comment_status":"closed","ping_status":"closed","template":"","meta":{"_acf_changed":false,"_et_pb_use_builder":"off","_et_pb_old_content":"","_et_gb_content_width":"","footnotes":""},"class_list":["post-3172","page","type-page","status-publish","hentry"],"acf":[],"yoast_head":"<!-- This site is optimized with the Yoast SEO plugin v27.4 - https:\/\/yoast.com\/product\/yoast-seo-wordpress\/ -->\n<title>Evaluations | COFI<\/title>\n<meta name=\"description\" content=\"COFI has undertaken extensive internal and external evaluations of The COFI Way\u2019s impact on families and communities.\" \/>\n<meta name=\"robots\" content=\"index, follow, max-snippet:-1, max-image-preview:large, max-video-preview:-1\" \/>\n<link rel=\"canonical\" href=\"https:\/\/cofionline.org\/es\/the-work\/our-impact\/evaluations\/\" \/>\n<meta property=\"og:locale\" content=\"es_MX\" \/>\n<meta property=\"og:type\" content=\"article\" \/>\n<meta property=\"og:title\" content=\"Evaluations | COFI\" \/>\n<meta property=\"og:description\" content=\"COFI has undertaken extensive internal and external evaluations of The COFI Way\u2019s impact on families and communities.\" \/>\n<meta property=\"og:url\" content=\"https:\/\/cofionline.org\/es\/the-work\/our-impact\/evaluations\/\" \/>\n<meta property=\"og:site_name\" content=\"COFI\" \/>\n<meta property=\"article:modified_time\" content=\"2025-10-02T18:16:14+00:00\" \/>\n<meta property=\"og:image\" content=\"https:\/\/cofionline.org\/wp-content\/uploads\/2023\/08\/front_cover.jpg\" \/>\n<meta name=\"twitter:card\" content=\"summary_large_image\" \/>\n<meta name=\"twitter:title\" content=\"Evaluations | COFI\" \/>\n<meta name=\"twitter:description\" content=\"COFI has undertaken extensive internal and external evaluations of The COFI Way\u2019s impact on families and communities.\" \/>\n<meta name=\"twitter:label1\" content=\"Tiempo de lectura\" \/>\n\t<meta name=\"twitter:data1\" content=\"3 minutos\" \/>\n<script type=\"application\/ld+json\" class=\"yoast-schema-graph\">{\"@context\":\"https:\\\/\\\/schema.org\",\"@graph\":[{\"@type\":\"WebPage\",\"@id\":\"https:\\\/\\\/cofionline.org\\\/es\\\/the-work\\\/our-impact\\\/evaluations\\\/\",\"url\":\"https:\\\/\\\/cofionline.org\\\/es\\\/the-work\\\/our-impact\\\/evaluations\\\/\",\"name\":\"Evaluations | COFI\",\"isPartOf\":{\"@id\":\"https:\\\/\\\/cofionline.org\\\/#website\"},\"primaryImageOfPage\":{\"@id\":\"https:\\\/\\\/cofionline.org\\\/es\\\/the-work\\\/our-impact\\\/evaluations\\\/#primaryimage\"},\"image\":{\"@id\":\"https:\\\/\\\/cofionline.org\\\/es\\\/the-work\\\/our-impact\\\/evaluations\\\/#primaryimage\"},\"thumbnailUrl\":\"https:\\\/\\\/cofionline.org\\\/wp-content\\\/uploads\\\/2023\\\/08\\\/front_cover.jpg\",\"datePublished\":\"2023-08-02T21:19:21+00:00\",\"dateModified\":\"2025-10-02T18:16:14+00:00\",\"description\":\"COFI has undertaken extensive internal and external evaluations of The COFI Way\u2019s impact on families and communities.\",\"breadcrumb\":{\"@id\":\"https:\\\/\\\/cofionline.org\\\/es\\\/the-work\\\/our-impact\\\/evaluations\\\/#breadcrumb\"},\"inLanguage\":\"es\",\"potentialAction\":[{\"@type\":\"ReadAction\",\"target\":[\"https:\\\/\\\/cofionline.org\\\/es\\\/the-work\\\/our-impact\\\/evaluations\\\/\"]}]},{\"@type\":\"ImageObject\",\"inLanguage\":\"es\",\"@id\":\"https:\\\/\\\/cofionline.org\\\/es\\\/the-work\\\/our-impact\\\/evaluations\\\/#primaryimage\",\"url\":\"https:\\\/\\\/cofionline.org\\\/wp-content\\\/uploads\\\/2023\\\/08\\\/front_cover.jpg\",\"contentUrl\":\"https:\\\/\\\/cofionline.org\\\/wp-content\\\/uploads\\\/2023\\\/08\\\/front_cover.jpg\"},{\"@type\":\"BreadcrumbList\",\"@id\":\"https:\\\/\\\/cofionline.org\\\/es\\\/the-work\\\/our-impact\\\/evaluations\\\/#breadcrumb\",\"itemListElement\":[{\"@type\":\"ListItem\",\"position\":1,\"name\":\"Home\",\"item\":\"https:\\\/\\\/cofionline.org\\\/\"},{\"@type\":\"ListItem\",\"position\":2,\"name\":\"The Work\",\"item\":\"https:\\\/\\\/cofionline.org\\\/the-work\\\/\"},{\"@type\":\"ListItem\",\"position\":3,\"name\":\"Our Impact\",\"item\":\"https:\\\/\\\/cofionline.org\\\/es\\\/the-work\\\/our-impact\\\/\"},{\"@type\":\"ListItem\",\"position\":4,\"name\":\"Evaluations\"}]},{\"@type\":\"WebSite\",\"@id\":\"https:\\\/\\\/cofionline.org\\\/#website\",\"url\":\"https:\\\/\\\/cofionline.org\\\/\",\"name\":\"COFI | Community Organizing and Family Issues\",\"description\":\"Community Organizing and Family Issues\",\"publisher\":{\"@id\":\"https:\\\/\\\/cofionline.org\\\/#organization\"},\"potentialAction\":[{\"@type\":\"SearchAction\",\"target\":{\"@type\":\"EntryPoint\",\"urlTemplate\":\"https:\\\/\\\/cofionline.org\\\/?s={search_term_string}\"},\"query-input\":{\"@type\":\"PropertyValueSpecification\",\"valueRequired\":true,\"valueName\":\"search_term_string\"}}],\"inLanguage\":\"es\"},{\"@type\":\"Organization\",\"@id\":\"https:\\\/\\\/cofionline.org\\\/#organization\",\"name\":\"COFI | Community Organizing and Family Issues\",\"url\":\"https:\\\/\\\/cofionline.org\\\/\",\"logo\":{\"@type\":\"ImageObject\",\"inLanguage\":\"es\",\"@id\":\"https:\\\/\\\/cofionline.org\\\/#\\\/schema\\\/logo\\\/image\\\/\",\"url\":\"https:\\\/\\\/cofionline.org\\\/wp-content\\\/uploads\\\/2022\\\/12\\\/logo-cofi.png\",\"contentUrl\":\"https:\\\/\\\/cofionline.org\\\/wp-content\\\/uploads\\\/2022\\\/12\\\/logo-cofi.png\",\"width\":518,\"height\":180,\"caption\":\"COFI | Community Organizing and Family Issues\"},\"image\":{\"@id\":\"https:\\\/\\\/cofionline.org\\\/#\\\/schema\\\/logo\\\/image\\\/\"}}]}<\/script>\n<!-- \/ Yoast SEO plugin. -->","yoast_head_json":{"title":"Evaluaciones | COFI","description":"COFI has undertaken extensive internal and external evaluations of The COFI Way\u2019s impact on families and communities.","robots":{"index":"index","follow":"follow","max-snippet":"max-snippet:-1","max-image-preview":"max-image-preview:large","max-video-preview":"max-video-preview:-1"},"canonical":"https:\/\/cofionline.org\/es\/the-work\/our-impact\/evaluations\/","og_locale":"es_MX","og_type":"article","og_title":"Evaluations | COFI","og_description":"COFI has undertaken extensive internal and external evaluations of The COFI Way\u2019s impact on families and communities.","og_url":"https:\/\/cofionline.org\/es\/the-work\/our-impact\/evaluations\/","og_site_name":"COFI","article_modified_time":"2025-10-02T18:16:14+00:00","og_image":[{"url":"https:\/\/cofionline.org\/wp-content\/uploads\/2023\/08\/front_cover.jpg","type":"","width":"","height":""}],"twitter_card":"summary_large_image","twitter_title":"Evaluations | COFI","twitter_description":"COFI has undertaken extensive internal and external evaluations of The COFI Way\u2019s impact on families and communities.","twitter_misc":{"Tiempo de lectura":"3 minutos"},"schema":{"@context":"https:\/\/schema.org","@graph":[{"@type":"WebPage","@id":"https:\/\/cofionline.org\/es\/the-work\/our-impact\/evaluations\/","url":"https:\/\/cofionline.org\/es\/the-work\/our-impact\/evaluations\/","name":"Evaluaciones | COFI","isPartOf":{"@id":"https:\/\/cofionline.org\/#website"},"primaryImageOfPage":{"@id":"https:\/\/cofionline.org\/es\/the-work\/our-impact\/evaluations\/#primaryimage"},"image":{"@id":"https:\/\/cofionline.org\/es\/the-work\/our-impact\/evaluations\/#primaryimage"},"thumbnailUrl":"https:\/\/cofionline.org\/wp-content\/uploads\/2023\/08\/front_cover.jpg","datePublished":"2023-08-02T21:19:21+00:00","dateModified":"2025-10-02T18:16:14+00:00","description":"COFI has undertaken extensive internal and external evaluations of The COFI Way\u2019s impact on families and communities.","breadcrumb":{"@id":"https:\/\/cofionline.org\/es\/the-work\/our-impact\/evaluations\/#breadcrumb"},"inLanguage":"es","potentialAction":[{"@type":"ReadAction","target":["https:\/\/cofionline.org\/es\/the-work\/our-impact\/evaluations\/"]}]},{"@type":"ImageObject","inLanguage":"es","@id":"https:\/\/cofionline.org\/es\/the-work\/our-impact\/evaluations\/#primaryimage","url":"https:\/\/cofionline.org\/wp-content\/uploads\/2023\/08\/front_cover.jpg","contentUrl":"https:\/\/cofionline.org\/wp-content\/uploads\/2023\/08\/front_cover.jpg"},{"@type":"BreadcrumbList","@id":"https:\/\/cofionline.org\/es\/the-work\/our-impact\/evaluations\/#breadcrumb","itemListElement":[{"@type":"ListItem","position":1,"name":"Home","item":"https:\/\/cofionline.org\/"},{"@type":"ListItem","position":2,"name":"The Work","item":"https:\/\/cofionline.org\/the-work\/"},{"@type":"ListItem","position":3,"name":"Our Impact","item":"https:\/\/cofionline.org\/es\/the-work\/our-impact\/"},{"@type":"ListItem","position":4,"name":"Evaluations"}]},{"@type":"WebSite","@id":"https:\/\/cofionline.org\/#website","url":"https:\/\/cofionline.org\/","name":"COFI | Organizaci\u00f3n comunitaria y asuntos familiares","description":"Organizaci\u00f3n comunitaria y asuntos familiares","publisher":{"@id":"https:\/\/cofionline.org\/#organization"},"potentialAction":[{"@type":"SearchAction","target":{"@type":"EntryPoint","urlTemplate":"https:\/\/cofionline.org\/?s={search_term_string}"},"query-input":{"@type":"PropertyValueSpecification","valueRequired":true,"valueName":"search_term_string"}}],"inLanguage":"es"},{"@type":"Organization","@id":"https:\/\/cofionline.org\/#organization","name":"COFI | Organizaci\u00f3n comunitaria y asuntos familiares","url":"https:\/\/cofionline.org\/","logo":{"@type":"ImageObject","inLanguage":"es","@id":"https:\/\/cofionline.org\/#\/schema\/logo\/image\/","url":"https:\/\/cofionline.org\/wp-content\/uploads\/2022\/12\/logo-cofi.png","contentUrl":"https:\/\/cofionline.org\/wp-content\/uploads\/2022\/12\/logo-cofi.png","width":518,"height":180,"caption":"COFI | Community Organizing and Family Issues"},"image":{"@id":"https:\/\/cofionline.org\/#\/schema\/logo\/image\/"}}]}},"_links":{"self":[{"href":"https:\/\/cofionline.org\/es\/wp-json\/wp\/v2\/pages\/3172","targetHints":{"allow":["GET"]}}],"collection":[{"href":"https:\/\/cofionline.org\/es\/wp-json\/wp\/v2\/pages"}],"about":[{"href":"https:\/\/cofionline.org\/es\/wp-json\/wp\/v2\/types\/page"}],"author":[{"embeddable":true,"href":"https:\/\/cofionline.org\/es\/wp-json\/wp\/v2\/users\/13"}],"replies":[{"embeddable":true,"href":"https:\/\/cofionline.org\/es\/wp-json\/wp\/v2\/comments?post=3172"}],"version-history":[{"count":0,"href":"https:\/\/cofionline.org\/es\/wp-json\/wp\/v2\/pages\/3172\/revisions"}],"up":[{"embeddable":true,"href":"https:\/\/cofionline.org\/es\/wp-json\/wp\/v2\/pages\/311"}],"wp:attachment":[{"href":"https:\/\/cofionline.org\/es\/wp-json\/wp\/v2\/media?parent=3172"}],"curies":[{"name":"wp","href":"https:\/\/api.w.org\/{rel}","templated":true}]}}