{"id":3153,"date":"2023-06-29T10:50:51","date_gmt":"2023-06-29T15:50:51","guid":{"rendered":"https:\/\/devcofi.wpenginepowered.com\/get-training\/cofi-center-for-action-and-learning\/upcoming-trainings\/the-cofi-way-2023-cohort\/"},"modified":"2025-01-28T16:53:31","modified_gmt":"2025-01-28T22:53:31","slug":"the-cofi-way-2023-cohort","status":"publish","type":"page","link":"https:\/\/cofionline.org\/es\/get-training\/cofi-center-for-action-and-learning\/upcoming-trainings\/the-cofi-way-2023-cohort\/","title":{"rendered":"La cohorte del estilo COFI"},"content":{"rendered":"[et_pb_section fb_built=&#8221;1&#8243; fullwidth=&#8221;on&#8221; _builder_version=&#8221;4.27.0&#8243; _module_preset=&#8221;default&#8221; global_colors_info=&#8221;{}&#8221;][et_pb_fullwidth_header title=&#8221;The COFI Way Cohort&#8221; header_image_url=&#8221;https:\/\/cofionline.org\/wp-content\/uploads\/2023\/06\/IMG_1688-scaled.jpg&#8221; _builder_version=&#8221;4.27.0&#8243; _module_preset=&#8221;default&#8221; background_color=&#8221;#094361&#8243; global_colors_info=&#8221;{}&#8221;][\/et_pb_fullwidth_header][\/et_pb_section][et_pb_section fb_built=&#8221;1&#8243; _builder_version=&#8221;4.16&#8243; global_colors_info=&#8221;{}&#8221;][et_pb_row _builder_version=&#8221;4.27.4&#8243; _module_preset=&#8221;default&#8221; custom_padding=&#8221;||0px|||&#8221; hover_enabled=&#8221;0&#8243; global_colors_info=&#8221;{}&#8221; sticky_enabled=&#8221;0&#8243;][et_pb_column type=&#8221;4_4&#8243; _builder_version=&#8221;4.27.0&#8243; _module_preset=&#8221;default&#8221; global_colors_info=&#8221;{}&#8221;][et_pb_text _builder_version=&#8221;4.27.0&#8243; background_size=&#8221;initial&#8221; background_position=&#8221;top_left&#8221; background_repeat=&#8221;repeat&#8221; custom_padding=&#8221;||0px|||&#8221; global_colors_info=&#8221;{}&#8221;]<p><\/p>\n<h4 class=\"wp-block-heading\">What is<em> The COFI Way<\/em> Cohort?<\/h4>\n<p><\/p>\n<p>The training cohort provides a comprehensive package of in-person training and ongoing support over a three-year timeframe of implementing COFI\u2019s three-phase model. Participating organizations will be able to send two staff and\/or parent leaders to participate in <em>The COFI Center National Train-the-Trainer\/Organizer<\/em> sessions for each phase of the model. In between trainings, cohort members will receive one-on-one coaching from COFI, participate in monthly learning table sessions with peers across the country, and have exclusive access to additional COFI resources and capacity-building opportunities.<\/p>\n<p><\/p>\n<p><\/p>\n<div class=\"wp-block-buttons is-layout-flex wp-block-buttons-is-layout-flex\">\n<p><\/p>[\/et_pb_text][et_pb_button button_url=&#8221;https:\/\/cofionline.org\/wp-content\/uploads\/Cohort-Table.pdf&#8221; button_text=&#8221;Download Cohort Details&#8221; button_alignment=&#8221;center&#8221; _builder_version=&#8221;4.27.0&#8243; _module_preset=&#8221;default&#8221; button_bg_color=&#8221;#990F51&#8243; global_colors_info=&#8221;{}&#8221;][\/et_pb_button][et_pb_text _builder_version=&#8221;4.27.4&#8243; background_size=&#8221;initial&#8221; background_position=&#8221;top_left&#8221; background_repeat=&#8221;repeat&#8221; hover_enabled=&#8221;0&#8243; global_colors_info=&#8221;{}&#8221; sticky_enabled=&#8221;0&#8243;]<p><\/p>\n<h4 class=\"wp-block-heading\">Benefits of joining<em> The COFI Way<\/em> Cohort<\/h4>\n<ul>\n<li>Support in planning and mapping out your parent leadership and organizing project over three years<\/li>\n<li>One-on-one implementation support for that plan, including individual coaching for your staff<\/li>\n<li>Shared connections to other communities in the same phase of the model<\/li>\n<li>Peer-to-peer learning opportunities through the COFI learning table sessions<\/li>\n<li>Access to digital COFI training materials and on-demand resources<\/li>\n<li>Strategy development to ensure long-term success of your project<\/li>\n<li>Support to build capacity within the project by training additional parents and staff over time<\/li>\n<\/ul>\n<p><\/p>\n<p><\/p>\n<p><\/p>\n<h4 class=\"wp-block-heading\">Projected Cost<\/h4>\n<p>&nbsp;<\/p>\n<p><strong>Total cost for three-year package if paid in annual installments: $10,000 per year<\/strong><\/p>\n<ul>\n<li>Discounted cost if the package is fully paid up front in year one: $27,500<\/li>\n<li>Discounted cost if the package is fully paid by year two: $28,750<\/li>\n<\/ul>\n<p><strong>Additional training and support are available and are billed separately, including:<\/strong><\/p>\n<ul>\n<li>On-site training and coaching (additional $10,000 minimum)<\/li>\n<li>Consulting on organizing campaigns or parent-led projects (@ $250\/hour)<\/li>\n<li>Specific technical assistance to meet the needs of your organizing project as it evolves (varies)<\/li>\n<\/ul>\n<p><strong>Travel costs<\/strong><\/p>\n<ul>\n<li>All of our National Train-the-Trainer\/Organizer sessions are located in Chicago. Organizations are responsible for covering travel and accommodation during those training sessions.<\/li>\n<li>For on-site training and coaching outside Chicago, COFI\u2019s travel costs are billed separately.<\/li>\n<\/ul>\n<p><\/p>\n<p><!-- \/wp:post-content --><\/p>\n<p><!-- wp:heading {\"level\":4} --><\/p>\n<h4 class=\"wp-block-heading\">Join the next cohort!<\/h4>\n<p><!-- \/wp:heading --><\/p>\n<p><!-- wp:paragraph -->Groups interested in joining the cohort will need to complete an interest form. Complete this <a href=\"https:\/\/forms.gle\/332ncWNb5eJ1CvH66\">Google Form<\/a> and we will follow up with you.<\/p>\n<p><!-- \/wp:paragraph --><\/p>\n<p><!-- wp:paragraph --><strong>Please note: <\/strong>When forming a cohort, our goal is to align communities starting Phase 1 of <em>The COFI Way<\/em> within the same year. The formation of a cohort is contingent upon the number of interested organizations. Depending on interest and timing, we may delay starting some components of the cohort, such as peer-to-peer learning opportunities. We can discuss this more with groups after they complete the interest form.<\/p>\n<p><!-- \/wp:paragraph --><\/p>\n<p><!-- wp:heading {\"level\":4} --><\/p>\n<p><!-- \/wp:heading --><\/p>\n<p><!-- wp:heading {\"level\":4} --><\/p>\n<h4 class=\"wp-block-heading\">Questions?<\/h4>\n<p><!-- \/wp:heading --><\/p>\n<p><!-- wp:paragraph -->Contact <a href=\"mailto:coficenter@cofionline.org\">Jennifer Little<\/a>, COFI Center for Action and Learning Manager<\/p>\n<p><!-- \/wp:paragraph --><\/p>\n<p><!-- wp:buttons --><\/p>\n<div class=\"wp-block-buttons\">\n<p><!-- wp:button {\"backgroundColor\":\"pale-blue\",\"className\":\"is-style-outline\"} --><\/p>\n<\/div>\n<p><!-- \/wp:button --><\/p>[\/et_pb_text][\/et_pb_column][\/et_pb_row][\/et_pb_section]","protected":false},"excerpt":{"rendered":"<p>What is The COFI Way Cohort? The training cohort provides a comprehensive package of in-person training and ongoing support over a three-year timeframe of implementing COFI\u2019s three-phase model. Participating organizations will be able to send two staff and\/or parent leaders to participate in The COFI Center National Train-the-Trainer\/Organizer sessions for each phase of the model. [&hellip;]<\/p>\n","protected":false},"author":13,"featured_media":3109,"parent":1938,"menu_order":7,"comment_status":"closed","ping_status":"closed","template":"","meta":{"_acf_changed":false,"_et_pb_use_builder":"on","_et_pb_old_content":"<!-- wp:heading {\"level\":4} -->\r\n<h4 class=\"wp-block-heading\">What is<em> The COFI Way<\/em> Cohort?<\/h4>\r\n<!-- \/wp:heading --><!-- wp:paragraph -->\r\n<p>The training cohort provides a comprehensive package of in-person training and ongoing support over a three-year timeframe of implementing COFI\u2019s three-phase model. Participating organizations will be able to send two staff and\/or parent leaders to participate in <em>The COFI Center National Train-the-Trainer\/Organizer<\/em> sessions for each phase of the model. In between trainings, cohort members will receive one-on-one coaching from COFI, participate in monthly learning table sessions with peers across the country, and have exclusive access to additional COFI resources and capacity-building opportunities.<\/p>\r\n<!-- \/wp:paragraph --><!-- wp:buttons -->\r\n<div class=\"wp-block-buttons\"><!-- wp:button {\"backgroundColor\":\"pale-blue\",\"className\":\"is-style-outline\"} -->\r\n<div class=\"wp-block-button is-style-outline\"><a class=\"wp-block-button__link has-pale-blue-background-color has-background wp-element-button\" href=\"https:\/\/cofionline.org\/wp-content\/uploads\/Cohort-Table.pdf\">Download Cohort Details<\/a><\/div>\r\n<!-- \/wp:button --><\/div>\r\n<!-- \/wp:buttons --><!-- wp:heading {\"level\":4} -->\r\n<h4 class=\"wp-block-heading\">Benefits of joining<em> The COFI Way<\/em> Cohort<strong> \u00a0<\/strong><\/h4>\r\n<!-- \/wp:heading --><!-- wp:list -->\r\n<ul><!-- wp:list-item -->\r\n<li>Support in planning and mapping out your parent leadership and organizing project over three years<\/li>\r\n<!-- \/wp:list-item --><!-- wp:list-item -->\r\n<li>One-on-one implementation support for that plan, including individual coaching for your staff\u00a0\u00a0<\/li>\r\n<!-- \/wp:list-item --><!-- wp:list-item -->\r\n<li>Shared connections to other communities in the same phase of the model\u00a0<\/li>\r\n<!-- \/wp:list-item --><!-- wp:list-item -->\r\n<li>Peer-to-peer learning opportunities through the COFI learning table sessions<\/li>\r\n<!-- \/wp:list-item --><!-- wp:list-item -->\r\n<li>Access to digital COFI training materials and on-demand resources\u00a0<\/li>\r\n<!-- \/wp:list-item --><!-- wp:list-item -->\r\n<li>Strategy development to ensure long-term success of your project\u00a0<\/li>\r\n<!-- \/wp:list-item --><!-- wp:list-item -->\r\n<li>Support to build capacity within the project by training additional parents and staff over time<\/li>\r\n<!-- \/wp:list-item --><\/ul>\r\n<!-- \/wp:list --><!-- wp:heading {\"level\":4} -->\r\n<h4 class=\"wp-block-heading\">Projected Cost<\/h4>\r\n<!-- \/wp:heading --><!-- wp:heading {\"level\":5} -->\r\n<h5 class=\"wp-block-heading\">Total cost for three-year package if paid in annual installments: $10,000 per year<\/h5>\r\n<!-- \/wp:heading --><!-- wp:list -->\r\n<ul><!-- wp:list-item -->\r\n<li>Discounted cost if the package is fully paid up front in year one: $27,500<\/li>\r\n<!-- \/wp:list-item --><!-- wp:list-item -->\r\n<li>Discounted cost if the package is fully paid by year two: $28,750<\/li>\r\n<!-- \/wp:list-item --><\/ul>\r\n<!-- \/wp:list --><!-- wp:heading {\"level\":5} -->\r\n<h5 class=\"wp-block-heading\">Additional training and support are available and are billed separately, including:\u00a0<\/h5>\r\n<!-- \/wp:heading --><!-- wp:list -->\r\n<ul><!-- wp:list-item -->\r\n<li>On-site training and coaching (additional $10,000 minimum)\u00a0<\/li>\r\n<!-- \/wp:list-item --><!-- wp:list-item -->\r\n<li>Consulting on organizing campaigns or parent-led projects (@ $250\/hour)<\/li>\r\n<!-- \/wp:list-item --><!-- wp:list-item -->\r\n<li>Specific technical assistance to meet the needs of your organizing project as it evolves (varies)<\/li>\r\n<!-- \/wp:list-item --><\/ul>\r\n<!-- \/wp:list --><!-- wp:heading {\"level\":5} -->\r\n<h5 class=\"wp-block-heading\">Travel costs<\/h5>\r\n<!-- \/wp:heading --><!-- wp:list -->\r\n<ul><!-- wp:list-item -->\r\n<li>All of our National Train-the-Trainer\/Organizer sessions are located in Chicago. Organizations are responsible for covering travel and accommodation during those training sessions.\u00a0<\/li>\r\n<!-- \/wp:list-item --><!-- wp:list-item -->\r\n<li>For on-site training and coaching outside Chicago, COFI\u2019s travel costs are billed separately.<\/li>\r\n<!-- \/wp:list-item --><\/ul>\r\n<!-- \/wp:list --><!-- wp:heading {\"level\":4} -->\r\n<h4 class=\"wp-block-heading\">Join the next cohort!\u00a0<\/h4>\r\n<!-- \/wp:heading --><!-- wp:paragraph -->\r\n<p>Groups interested in joining the cohort will need to complete an interest form. Complete this <a href=\"https:\/\/forms.gle\/332ncWNb5eJ1CvH66\">Google Form<\/a> and we will follow up with you.<\/p>\r\n<!-- \/wp:paragraph --><!-- wp:paragraph -->\r\n<p><strong>Please note: <\/strong>When forming a cohort, our goal is to align communities starting Phase 1 of <em>The COFI Way<\/em> within the same year. The formation of a cohort is contingent upon the number of interested organizations. Depending on interest and timing, we may delay starting some components of the cohort, such as peer-to-peer learning opportunities. We can discuss this more with groups after they complete the interest form.<\/p>\r\n<!-- \/wp:paragraph --><!-- wp:heading {\"level\":4} -->\r\n<h4 class=\"wp-block-heading\"><a href=\"https:\/\/cofionline.org\/events\/\">View the Upcoming National Train-the-Trainer\/Organizer Schedule<\/a><\/h4>\r\n<!-- \/wp:heading --><!-- wp:heading {\"level\":4} -->\r\n<h4 class=\"wp-block-heading\">Questions?<\/h4>\r\n<!-- \/wp:heading --><!-- wp:paragraph -->\r\n<p>Contact <a href=\"mailto:jlittle@cofionline.org\">Jennifer Little<\/a>, COFI Center for Action and Learning Manager<\/p>\r\n<!-- \/wp:paragraph -->","_et_gb_content_width":"","footnotes":""},"class_list":["post-3153","page","type-page","status-publish","has-post-thumbnail","hentry"],"acf":[],"yoast_head":"<!-- This site is optimized with the Yoast SEO plugin v27.4 - https:\/\/yoast.com\/product\/yoast-seo-wordpress\/ -->\n<title>The COFI Way Cohort | COFI<\/title>\n<meta name=\"description\" content=\"The training cohort provides a comprehensive package of in-person training and ongoing support over a three-year timeframe of implementing COFI\u2019s three-phase model.\" \/>\n<meta name=\"robots\" content=\"index, follow, max-snippet:-1, max-image-preview:large, max-video-preview:-1\" \/>\n<link rel=\"canonical\" href=\"https:\/\/cofionline.org\/es\/get-training\/cofi-center-for-action-and-learning\/upcoming-trainings\/the-cofi-way-2023-cohort\/\" \/>\n<meta property=\"og:locale\" content=\"es_MX\" \/>\n<meta property=\"og:type\" content=\"article\" \/>\n<meta property=\"og:title\" content=\"The COFI Way Cohort\" \/>\n<meta property=\"og:description\" content=\"The training cohort provides a comprehensive package of in-person training and ongoing support over a three-year timeframe of implementing COFI\u2019s three-phase model.\" \/>\n<meta property=\"og:url\" content=\"https:\/\/cofionline.org\/es\/get-training\/cofi-center-for-action-and-learning\/upcoming-trainings\/the-cofi-way-2023-cohort\/\" \/>\n<meta property=\"og:site_name\" content=\"COFI\" \/>\n<meta property=\"article:modified_time\" content=\"2025-01-28T22:53:31+00:00\" \/>\n<meta property=\"og:image\" content=\"https:\/\/cofionline.org\/wp-content\/uploads\/2023\/08\/IMG_1688-scaled-1.jpg\" \/>\n\t<meta property=\"og:image:width\" content=\"2560\" \/>\n\t<meta property=\"og:image:height\" content=\"1707\" \/>\n\t<meta property=\"og:image:type\" content=\"image\/jpeg\" \/>\n<meta name=\"twitter:card\" content=\"summary_large_image\" \/>\n<meta name=\"twitter:title\" content=\"The COFI Way Cohort\" \/>\n<meta name=\"twitter:description\" content=\"The training cohort provides a comprehensive package of in-person training and ongoing support over a three-year timeframe of implementing COFI\u2019s three-phase model.\" \/>\n<meta name=\"twitter:image\" content=\"https:\/\/cofionline.org\/wp-content\/uploads\/2023\/06\/IMG_1688-scaled.jpg\" \/>\n<meta name=\"twitter:label1\" content=\"Tiempo de lectura\" \/>\n\t<meta name=\"twitter:data1\" content=\"3 minutos\" \/>\n<script type=\"application\/ld+json\" class=\"yoast-schema-graph\">{\"@context\":\"https:\\\/\\\/schema.org\",\"@graph\":[{\"@type\":\"WebPage\",\"@id\":\"https:\\\/\\\/cofionline.org\\\/get-training\\\/cofi-center-for-action-and-learning\\\/upcoming-trainings\\\/the-cofi-way-2023-cohort\\\/\",\"url\":\"https:\\\/\\\/cofionline.org\\\/get-training\\\/cofi-center-for-action-and-learning\\\/upcoming-trainings\\\/the-cofi-way-2023-cohort\\\/\",\"name\":\"The COFI Way Cohort | COFI\",\"isPartOf\":{\"@id\":\"https:\\\/\\\/cofionline.org\\\/#website\"},\"primaryImageOfPage\":{\"@id\":\"https:\\\/\\\/cofionline.org\\\/get-training\\\/cofi-center-for-action-and-learning\\\/upcoming-trainings\\\/the-cofi-way-2023-cohort\\\/#primaryimage\"},\"image\":{\"@id\":\"https:\\\/\\\/cofionline.org\\\/get-training\\\/cofi-center-for-action-and-learning\\\/upcoming-trainings\\\/the-cofi-way-2023-cohort\\\/#primaryimage\"},\"thumbnailUrl\":\"https:\\\/\\\/cofionline.org\\\/wp-content\\\/uploads\\\/2023\\\/06\\\/IMG_1688-scaled.jpg\",\"datePublished\":\"2023-06-29T15:50:51+00:00\",\"dateModified\":\"2025-01-28T22:53:31+00:00\",\"description\":\"The training cohort provides a comprehensive package of in-person training and ongoing support over a three-year timeframe of implementing COFI\u2019s three-phase model.\",\"breadcrumb\":{\"@id\":\"https:\\\/\\\/cofionline.org\\\/get-training\\\/cofi-center-for-action-and-learning\\\/upcoming-trainings\\\/the-cofi-way-2023-cohort\\\/#breadcrumb\"},\"inLanguage\":\"es\",\"potentialAction\":[{\"@type\":\"ReadAction\",\"target\":[\"https:\\\/\\\/cofionline.org\\\/get-training\\\/cofi-center-for-action-and-learning\\\/upcoming-trainings\\\/the-cofi-way-2023-cohort\\\/\"]}]},{\"@type\":\"ImageObject\",\"inLanguage\":\"es\",\"@id\":\"https:\\\/\\\/cofionline.org\\\/get-training\\\/cofi-center-for-action-and-learning\\\/upcoming-trainings\\\/the-cofi-way-2023-cohort\\\/#primaryimage\",\"url\":\"https:\\\/\\\/cofionline.org\\\/wp-content\\\/uploads\\\/2023\\\/06\\\/IMG_1688-scaled.jpg\",\"contentUrl\":\"https:\\\/\\\/cofionline.org\\\/wp-content\\\/uploads\\\/2023\\\/06\\\/IMG_1688-scaled.jpg\",\"width\":2560,\"height\":1707,\"caption\":\"A large group of COFI Center trainees pose for a photo\"},{\"@type\":\"BreadcrumbList\",\"@id\":\"https:\\\/\\\/cofionline.org\\\/get-training\\\/cofi-center-for-action-and-learning\\\/upcoming-trainings\\\/the-cofi-way-2023-cohort\\\/#breadcrumb\",\"itemListElement\":[{\"@type\":\"ListItem\",\"position\":1,\"name\":\"Home\",\"item\":\"https:\\\/\\\/cofionline.org\\\/\"},{\"@type\":\"ListItem\",\"position\":2,\"name\":\"Get Training\",\"item\":\"https:\\\/\\\/cofionline.org\\\/get-training\\\/\"},{\"@type\":\"ListItem\",\"position\":3,\"name\":\"COFI Center for Action and Learning\",\"item\":\"https:\\\/\\\/cofionline.org\\\/get-training\\\/cofi-center-for-action-and-learning\\\/\"},{\"@type\":\"ListItem\",\"position\":4,\"name\":\"Protegido: Upcoming Trainings\",\"item\":\"https:\\\/\\\/cofionline.org\\\/es\\\/get-training\\\/cofi-center-for-action-and-learning\\\/upcoming-trainings\\\/\"},{\"@type\":\"ListItem\",\"position\":5,\"name\":\"The COFI Way Cohort\"}]},{\"@type\":\"WebSite\",\"@id\":\"https:\\\/\\\/cofionline.org\\\/#website\",\"url\":\"https:\\\/\\\/cofionline.org\\\/\",\"name\":\"COFI | Community Organizing and Family Issues\",\"description\":\"Community Organizing and Family Issues\",\"publisher\":{\"@id\":\"https:\\\/\\\/cofionline.org\\\/#organization\"},\"potentialAction\":[{\"@type\":\"SearchAction\",\"target\":{\"@type\":\"EntryPoint\",\"urlTemplate\":\"https:\\\/\\\/cofionline.org\\\/?s={search_term_string}\"},\"query-input\":{\"@type\":\"PropertyValueSpecification\",\"valueRequired\":true,\"valueName\":\"search_term_string\"}}],\"inLanguage\":\"es\"},{\"@type\":\"Organization\",\"@id\":\"https:\\\/\\\/cofionline.org\\\/#organization\",\"name\":\"COFI | Community Organizing and Family Issues\",\"url\":\"https:\\\/\\\/cofionline.org\\\/\",\"logo\":{\"@type\":\"ImageObject\",\"inLanguage\":\"es\",\"@id\":\"https:\\\/\\\/cofionline.org\\\/#\\\/schema\\\/logo\\\/image\\\/\",\"url\":\"https:\\\/\\\/cofionline.org\\\/wp-content\\\/uploads\\\/2022\\\/12\\\/logo-cofi.png\",\"contentUrl\":\"https:\\\/\\\/cofionline.org\\\/wp-content\\\/uploads\\\/2022\\\/12\\\/logo-cofi.png\",\"width\":518,\"height\":180,\"caption\":\"COFI | Community Organizing and Family Issues\"},\"image\":{\"@id\":\"https:\\\/\\\/cofionline.org\\\/#\\\/schema\\\/logo\\\/image\\\/\"}}]}<\/script>\n<!-- \/ Yoast SEO plugin. -->","yoast_head_json":{"title":"La cohorte del estilo COFI | COFI","description":"El grupo de capacitaci\u00f3n proporciona un paquete integral de capacitaci\u00f3n presencial y apoyo continuo durante un per\u00edodo de tres a\u00f1os para implementar el modelo de tres fases del COFI.","robots":{"index":"index","follow":"follow","max-snippet":"max-snippet:-1","max-image-preview":"max-image-preview:large","max-video-preview":"max-video-preview:-1"},"canonical":"https:\/\/cofionline.org\/es\/get-training\/cofi-center-for-action-and-learning\/upcoming-trainings\/the-cofi-way-2023-cohort\/","og_locale":"es_MX","og_type":"article","og_title":"The COFI Way Cohort","og_description":"The training cohort provides a comprehensive package of in-person training and ongoing support over a three-year timeframe of implementing COFI\u2019s three-phase model.","og_url":"https:\/\/cofionline.org\/es\/get-training\/cofi-center-for-action-and-learning\/upcoming-trainings\/the-cofi-way-2023-cohort\/","og_site_name":"COFI","article_modified_time":"2025-01-28T22:53:31+00:00","og_image":[{"width":2560,"height":1707,"url":"https:\/\/cofionline.org\/wp-content\/uploads\/2023\/08\/IMG_1688-scaled-1.jpg","type":"image\/jpeg"}],"twitter_card":"summary_large_image","twitter_title":"The COFI Way Cohort","twitter_description":"The training cohort provides a comprehensive package of in-person training and ongoing support over a three-year timeframe of implementing COFI\u2019s three-phase model.","twitter_image":"https:\/\/cofionline.org\/wp-content\/uploads\/2023\/06\/IMG_1688-scaled.jpg","twitter_misc":{"Tiempo de lectura":"3 minutos"},"schema":{"@context":"https:\/\/schema.org","@graph":[{"@type":"WebPage","@id":"https:\/\/cofionline.org\/get-training\/cofi-center-for-action-and-learning\/upcoming-trainings\/the-cofi-way-2023-cohort\/","url":"https:\/\/cofionline.org\/get-training\/cofi-center-for-action-and-learning\/upcoming-trainings\/the-cofi-way-2023-cohort\/","name":"La cohorte del estilo COFI | COFI","isPartOf":{"@id":"https:\/\/cofionline.org\/#website"},"primaryImageOfPage":{"@id":"https:\/\/cofionline.org\/get-training\/cofi-center-for-action-and-learning\/upcoming-trainings\/the-cofi-way-2023-cohort\/#primaryimage"},"image":{"@id":"https:\/\/cofionline.org\/get-training\/cofi-center-for-action-and-learning\/upcoming-trainings\/the-cofi-way-2023-cohort\/#primaryimage"},"thumbnailUrl":"https:\/\/cofionline.org\/wp-content\/uploads\/2023\/06\/IMG_1688-scaled.jpg","datePublished":"2023-06-29T15:50:51+00:00","dateModified":"2025-01-28T22:53:31+00:00","description":"El grupo de capacitaci\u00f3n proporciona un paquete integral de capacitaci\u00f3n presencial y apoyo continuo durante un per\u00edodo de tres a\u00f1os para implementar el modelo de tres fases del COFI.","breadcrumb":{"@id":"https:\/\/cofionline.org\/get-training\/cofi-center-for-action-and-learning\/upcoming-trainings\/the-cofi-way-2023-cohort\/#breadcrumb"},"inLanguage":"es","potentialAction":[{"@type":"ReadAction","target":["https:\/\/cofionline.org\/get-training\/cofi-center-for-action-and-learning\/upcoming-trainings\/the-cofi-way-2023-cohort\/"]}]},{"@type":"ImageObject","inLanguage":"es","@id":"https:\/\/cofionline.org\/get-training\/cofi-center-for-action-and-learning\/upcoming-trainings\/the-cofi-way-2023-cohort\/#primaryimage","url":"https:\/\/cofionline.org\/wp-content\/uploads\/2023\/06\/IMG_1688-scaled.jpg","contentUrl":"https:\/\/cofionline.org\/wp-content\/uploads\/2023\/06\/IMG_1688-scaled.jpg","width":2560,"height":1707,"caption":"A large group of COFI Center trainees pose for a photo"},{"@type":"BreadcrumbList","@id":"https:\/\/cofionline.org\/get-training\/cofi-center-for-action-and-learning\/upcoming-trainings\/the-cofi-way-2023-cohort\/#breadcrumb","itemListElement":[{"@type":"ListItem","position":1,"name":"Home","item":"https:\/\/cofionline.org\/"},{"@type":"ListItem","position":2,"name":"Get Training","item":"https:\/\/cofionline.org\/get-training\/"},{"@type":"ListItem","position":3,"name":"COFI Center for Action and Learning","item":"https:\/\/cofionline.org\/get-training\/cofi-center-for-action-and-learning\/"},{"@type":"ListItem","position":4,"name":"Protegido: Upcoming Trainings","item":"https:\/\/cofionline.org\/es\/get-training\/cofi-center-for-action-and-learning\/upcoming-trainings\/"},{"@type":"ListItem","position":5,"name":"The COFI Way Cohort"}]},{"@type":"WebSite","@id":"https:\/\/cofionline.org\/#website","url":"https:\/\/cofionline.org\/","name":"COFI | Organizaci\u00f3n comunitaria y asuntos familiares","description":"Organizaci\u00f3n comunitaria y asuntos familiares","publisher":{"@id":"https:\/\/cofionline.org\/#organization"},"potentialAction":[{"@type":"SearchAction","target":{"@type":"EntryPoint","urlTemplate":"https:\/\/cofionline.org\/?s={search_term_string}"},"query-input":{"@type":"PropertyValueSpecification","valueRequired":true,"valueName":"search_term_string"}}],"inLanguage":"es"},{"@type":"Organization","@id":"https:\/\/cofionline.org\/#organization","name":"COFI | Organizaci\u00f3n comunitaria y asuntos familiares","url":"https:\/\/cofionline.org\/","logo":{"@type":"ImageObject","inLanguage":"es","@id":"https:\/\/cofionline.org\/#\/schema\/logo\/image\/","url":"https:\/\/cofionline.org\/wp-content\/uploads\/2022\/12\/logo-cofi.png","contentUrl":"https:\/\/cofionline.org\/wp-content\/uploads\/2022\/12\/logo-cofi.png","width":518,"height":180,"caption":"COFI | Community Organizing and Family Issues"},"image":{"@id":"https:\/\/cofionline.org\/#\/schema\/logo\/image\/"}}]}},"_links":{"self":[{"href":"https:\/\/cofionline.org\/es\/wp-json\/wp\/v2\/pages\/3153","targetHints":{"allow":["GET"]}}],"collection":[{"href":"https:\/\/cofionline.org\/es\/wp-json\/wp\/v2\/pages"}],"about":[{"href":"https:\/\/cofionline.org\/es\/wp-json\/wp\/v2\/types\/page"}],"author":[{"embeddable":true,"href":"https:\/\/cofionline.org\/es\/wp-json\/wp\/v2\/users\/13"}],"replies":[{"embeddable":true,"href":"https:\/\/cofionline.org\/es\/wp-json\/wp\/v2\/comments?post=3153"}],"version-history":[{"count":0,"href":"https:\/\/cofionline.org\/es\/wp-json\/wp\/v2\/pages\/3153\/revisions"}],"up":[{"embeddable":true,"href":"https:\/\/cofionline.org\/es\/wp-json\/wp\/v2\/pages\/1938"}],"wp:featuredmedia":[{"embeddable":true,"href":"https:\/\/cofionline.org\/es\/wp-json\/wp\/v2\/media\/3109"}],"wp:attachment":[{"href":"https:\/\/cofionline.org\/es\/wp-json\/wp\/v2\/media?parent=3153"}],"curies":[{"name":"wp","href":"https:\/\/api.w.org\/{rel}","templated":true}]}}