{"id":309,"date":"2022-10-27T07:20:34","date_gmt":"2022-10-27T12:20:34","guid":{"rendered":"https:\/\/devcofi.wpenginepowered.com\/the-work\/uplan-national-parent-organizing\/"},"modified":"2025-01-03T11:06:26","modified_gmt":"2025-01-03T17:06:26","slug":"uplan-national-parent-organizing","status":"publish","type":"page","link":"https:\/\/cofionline.org\/es\/the-work\/uplan-national-parent-organizing\/","title":{"rendered":"UPLAN: Organizaci\u00f3n Nacional de Padres"},"content":{"rendered":"<p>[et_pb_section fb_built=&#8221;1&#8243; _builder_version=&#8221;4.27.0&#8243; _module_preset=&#8221;default&#8221; background_color=&#8221;#094361&#8243; min_height=&#8221;200px&#8221; global_colors_info=&#8221;{}&#8221;][et_pb_row _builder_version=&#8221;4.27.0&#8243; _module_preset=&#8221;default&#8221; global_colors_info=&#8221;{}&#8221;][et_pb_column type=&#8221;4_4&#8243; _builder_version=&#8221;4.27.0&#8243; _module_preset=&#8221;default&#8221; global_colors_info=&#8221;{}&#8221;][et_pb_text _builder_version=&#8221;4.27.0&#8243; _module_preset=&#8221;default&#8221; text_text_color=&#8221;#FFFFFF&#8221; text_font_size=&#8221;15px&#8221; header_font=&#8221;|600|||||||&#8221; header_text_color=&#8221;#FFFFFF&#8221; header_font_size=&#8221;36px&#8221; custom_margin=&#8221;20px||||false|false&#8221; global_colors_info=&#8221;{}&#8221;]<\/p>\n<h1>UPLAN: National Parent Organizing <\/h1>\n<p> Parents across the country uniting for national policies and impact [\/et_pb_text][\/et_pb_column][\/et_pb_row][\/et_pb_section][et_pb_section fb_built=&#8221;1&#8243; _builder_version=&#8221;4.27.0&#8243; _module_preset=&#8221;default&#8221; custom_padding=&#8221;60px|||||&#8221; global_colors_info=&#8221;{}&#8221;][et_pb_row _builder_version=&#8221;4.27.0&#8243; _module_preset=&#8221;default&#8221; use_background_color_gradient=&#8221;on&#8221; background_color_gradient_stops=&#8221;rgba(2,2,2,0.5) 0%|rgba(2,2,2,0.5) 100%&#8221; background_color_gradient_overlays_image=&#8221;on&#8221; background_image=&#8221;https:\/\/cofionline.org\/wp-content\/uploads\/2022\/12\/UPLAN-Parade-4-1200&#215;768.jpeg&#8221; min_height=&#8221;518px&#8221; global_colors_info=&#8221;{}&#8221;][et_pb_column type=&#8221;4_4&#8243; _builder_version=&#8221;4.27.0&#8243; _module_preset=&#8221;default&#8221; global_colors_info=&#8221;{}&#8221;][et_pb_text _builder_version=&#8221;4.27.0&#8243; _module_preset=&#8221;default&#8221; header_2_font=&#8221;|300|||||||&#8221; header_2_text_align=&#8221;center&#8221; header_2_text_color=&#8221;#FFFFFF&#8221; header_2_font_size=&#8221;44px&#8221; custom_padding=&#8221;190px||||false|false&#8221; global_colors_info=&#8221;{}&#8221;]<\/p>\n<h2>\n<p>Ensuring parent voices are heard nationwide<br \/>\n<\/h2>\n<p>[\/et_pb_text][\/et_pb_column][\/et_pb_row][et_pb_row _builder_version=&#8221;4.27.0&#8243; _module_preset=&#8221;default&#8221; global_colors_info=&#8221;{}&#8221;][et_pb_column type=&#8221;4_4&#8243; _builder_version=&#8221;4.27.0&#8243; _module_preset=&#8221;default&#8221; global_colors_info=&#8221;{}&#8221;][et_pb_text _builder_version=&#8221;4.27.0&#8243; _module_preset=&#8221;default&#8221; width=&#8221;90%&#8221; module_alignment=&#8221;center&#8221; global_colors_info=&#8221;{}&#8221;]In 2016, COFI joined six other parent leadership organizations nationally to launch the national United Parent Leaders Action Network (UPLAN). COFI is now the lead partner and fiscal sponsor for UPLAN.<\/p>\n<p>UPLAN is a non-partisan network of parent leaders from across the country who are passionate about improving the systems that affect children and families. UPLAN convenes parent leaders and groups to share the best of leadership development and organizing.<\/p>\n<p>UPLAN is a mighty mix of parents. Most are parents of color; many are immigrants; more than a few are grandparents, raising another generation. Some live in big cities and some in small towns.<\/p>\n<p>Membership includes 35 different state and local parent-led organizations, reaching over 700,000 families annually.<\/p>\n<p>UPLAN\u2019s founding policy platform includes the visions of parent leaders across the country advocating to change inequities in education, economic security, housing, community safety, and food and nutrition access.[\/et_pb_text][\/et_pb_column][\/et_pb_row][\/et_pb_section][et_pb_section fb_built=&#8221;1&#8243; _builder_version=&#8221;4.27.0&#8243; _module_preset=&#8221;default&#8221; background_color=&#8221;#e7f8fe&#8221; global_colors_info=&#8221;{}&#8221;][et_pb_row column_structure=&#8221;3_5,2_5&#8243; _builder_version=&#8221;4.27.0&#8243; _module_preset=&#8221;default&#8221; global_colors_info=&#8221;{}&#8221;][et_pb_column type=&#8221;3_5&#8243; _builder_version=&#8221;4.27.0&#8243; _module_preset=&#8221;default&#8221; global_colors_info=&#8221;{}&#8221;][et_pb_text _builder_version=&#8221;4.27.4&#8243; _module_preset=&#8221;ba97c0b3-e529-495c-9493-e41ad625ac67&#8243; header_2_font=&#8221;|600|||||||&#8221; header_3_font=&#8221;|600|||||||&#8221; hover_enabled=&#8221;0&#8243; global_colors_info=&#8221;{}&#8221; sticky_enabled=&#8221;0&#8243;]<\/p>\n<h3>PLAN Policy Priorities<\/h3>\n<ul>\n<li>Increasing affordability and access to child care and early education.<\/li>\n<li>Protecting immigrant families and children.<\/li>\n<li>Promoting real parent engagement in education and other systems.<\/li>\n<\/ul>\n<p><strong>Learn more about or join UPLAN please visit their <a href=\"https:\/\/unitedparentleaders.org\/\" class=\"external\" target=\"_blank\" rel=\"noopener\">website<\/a>.<\/strong><\/p>\n<p>[\/et_pb_text][\/et_pb_column][et_pb_column type=&#8221;2_5&#8243; _builder_version=&#8221;4.27.0&#8243; _module_preset=&#8221;default&#8221; global_colors_info=&#8221;{}&#8221;][et_pb_image src=&#8221;https:\/\/cofionline.org\/wp-content\/uploads\/2022\/12\/IMG_8833.png&#8221; title_text=&#8221;IMG_8833&#8243; _builder_version=&#8221;4.27.0&#8243; _module_preset=&#8221;default&#8221; global_colors_info=&#8221;{}&#8221;][\/et_pb_image][\/et_pb_column][\/et_pb_row][\/et_pb_section][et_pb_section fb_built=&#8221;1&#8243; _builder_version=&#8221;4.27.0&#8243; _module_preset=&#8221;default&#8221; custom_padding=&#8221;5px||6px|||&#8221; global_colors_info=&#8221;{}&#8221;][\/et_pb_section]<\/p>\n","protected":false},"excerpt":{"rendered":"<p>UPLAN: National Parent Organizing Parents across the country uniting for national policies and impact Ensuring parent voices are heard nationwide In 2016, COFI joined six other parent leadership organizations nationally to launch the national United Parent Leaders Action Network (UPLAN). COFI is now the lead partner and fiscal sponsor for UPLAN. UPLAN is a non-partisan [&hellip;]<\/p>\n","protected":false},"author":13,"featured_media":0,"parent":16,"menu_order":2,"comment_status":"closed","ping_status":"closed","template":"","meta":{"_acf_changed":false,"_et_pb_use_builder":"on","_et_pb_old_content":"<!-- wp:cover {\"url\":\"https:\/\/cofionline.org\/wp-content\/uploads\/2022\/12\/UPLAN-Parade-4-1200x768.jpeg\",\"id\":2763,\"alt\":\"A woman speaks into a microphone while her colleagues in UPLAN watch and listen. They are standing in front of the US Capitol.\",\"dimRatio\":50,\"focalPoint\":{\"x\":\"0.51\",\"y\":\"0.45\"},\"minHeight\":640,\"minHeightUnit\":\"px\",\"isDark\":false,\"align\":\"wide\",\"style\":{\"color\":{}}} -->\r\n<div class=\"wp-block-cover alignwide is-light\" style=\"min-height:640px\"><span aria-hidden=\"true\" class=\"wp-block-cover__background has-background-dim\"><\/span><img class=\"wp-block-cover__image-background wp-image-2763\" alt=\"A woman speaks into a microphone while her colleagues in UPLAN watch and listen. They are standing in front of the US Capitol.\" src=\"https:\/\/cofionline.org\/wp-content\/uploads\/2022\/12\/UPLAN-Parade-4-1200x768.jpeg\" style=\"object-position:51% 45%\" data-object-fit=\"cover\" data-object-position=\"51% 45%\"\/><div class=\"wp-block-cover__inner-container\"><!-- wp:paragraph {\"align\":\"center\",\"textColor\":\"white\",\"fontSize\":\"x-large\"} -->\r\n<p class=\"has-text-align-center has-white-color has-text-color has-x-large-font-size\">Ensuring parent voices are heard nationwide<\/p>\r\n<!-- \/wp:paragraph --><\/div><\/div>\r\n<!-- \/wp:cover -->\r\n\r\n<!-- wp:paragraph -->\r\n<p>In 2016, COFI joined six other parent leadership organizations nationally to launch the national United Parent Leaders Action Network (UPLAN<em>).<\/em> COFI is now the lead partner and fiscal sponsor for UPLAN.<\/p>\r\n<!-- \/wp:paragraph -->\r\n\r\n<!-- wp:paragraph -->\r\n<p>UPLAN is a non-partisan network of parent leaders from across the country who are passionate about improving the systems that affect children and families. UPLAN convenes parent leaders and groups to share the best of leadership development and organizing.<\/p>\r\n<!-- \/wp:paragraph -->\r\n\r\n<!-- wp:paragraph -->\r\n<p>UPLAN is a mighty mix of parents. Most are parents of color; many are immigrants; more than a few are grandparents, raising another generation. Some live in big cities and some in small towns. <ins><\/ins><\/p>\r\n<!-- \/wp:paragraph -->\r\n\r\n<!-- wp:paragraph -->\r\n<p>Membership includes 35 different state and local parent-led organizations, reaching over 700,000 families annually.<\/p>\r\n<!-- \/wp:paragraph -->\r\n\r\n<!-- wp:paragraph -->\r\n<p>UPLAN\u2019s founding policy platform includes the visions of parent leaders across the country advocating to change inequities in education, economic security, housing, community safety, and food and nutrition access.<\/p>\r\n<!-- \/wp:paragraph -->\r\n\r\n<!-- wp:cover {\"overlayColor\":\"pale-blue\",\"isUserOverlayColor\":true,\"minHeight\":260,\"minHeightUnit\":\"px\",\"contentPosition\":\"center center\",\"isDark\":false,\"align\":\"wide\"} -->\r\n<div class=\"wp-block-cover alignwide is-light\" style=\"min-height:260px\"><span aria-hidden=\"true\" class=\"wp-block-cover__background has-pale-blue-background-color has-background-dim-100 has-background-dim\"><\/span><div class=\"wp-block-cover__inner-container\"><!-- wp:media-text {\"align\":\"wide\",\"mediaPosition\":\"right\",\"mediaId\":2765,\"mediaLink\":\"https:\/\/cofionline.org\/the-work\/uplan-national-parent-organizing\/img_8833\/\",\"mediaType\":\"image\",\"mediaWidth\":42,\"imageFill\":false,\"backgroundColor\":\"transparent\"} -->\r\n<div class=\"wp-block-media-text alignwide has-media-on-the-right is-stacked-on-mobile has-transparent-background-color has-background\" style=\"grid-template-columns:auto 42%\"><div class=\"wp-block-media-text__content\"><!-- wp:heading {\"level\":4} -->\r\n<h4 class=\"wp-block-heading\">UPLAN Policy Priorities<\/h4>\r\n<!-- \/wp:heading -->\r\n\r\n<!-- wp:list -->\r\n<ul><!-- wp:list-item -->\r\n<li>Increasing affordability and access to child care and early education.<\/li>\r\n<!-- \/wp:list-item -->\r\n\r\n<!-- wp:list-item -->\r\n<li>Protecting immigrant families and children.<\/li>\r\n<!-- \/wp:list-item -->\r\n\r\n<!-- wp:list-item -->\r\n<li>Promoting real parent engagement in education and other systems.<\/li>\r\n<!-- \/wp:list-item --><\/ul>\r\n<!-- \/wp:list -->\r\n\r\n<!-- wp:heading {\"level\":6} -->\r\n<h6 class=\"wp-block-heading\">To learn more about or join UPLAN please visit their <a href=\"https:\/\/unitedparentleaders.org\/\">website<\/a>.<\/h6>\r\n<!-- \/wp:heading --><\/div><figure class=\"wp-block-media-text__media\"><img src=\"https:\/\/cofionline.org\/wp-content\/uploads\/2022\/12\/IMG_8833.png\" alt=\"A large group of UPLAN parents pose for a photo in front of the US Capitol\" class=\"wp-image-2765 size-full\"\/><\/figure><\/div>\r\n<!-- \/wp:media-text --><\/div><\/div>\r\n<!-- \/wp:cover -->\r\n\r\n<!-- wp:paragraph -->\r\n<p><a id=\"_msocom_1\"><\/a><\/p>\r\n<!-- \/wp:paragraph -->","_et_gb_content_width":"","footnotes":""},"class_list":["post-309","page","type-page","status-publish","hentry"],"acf":[],"yoast_head":"<!-- This site is optimized with the Yoast SEO plugin v27.4 - https:\/\/yoast.com\/product\/yoast-seo-wordpress\/ -->\n<title>UPLAN: National Parent Organizing | COFI<\/title>\n<meta name=\"description\" content=\"UPLAN is a non-partisan network of parent leaders from across the country who are passionate about improving the systems that affect children and families.\" \/>\n<meta name=\"robots\" content=\"index, follow, max-snippet:-1, max-image-preview:large, max-video-preview:-1\" \/>\n<link rel=\"canonical\" href=\"https:\/\/cofionline.org\/es\/the-work\/uplan-national-parent-organizing\/\" \/>\n<meta property=\"og:locale\" content=\"es_MX\" \/>\n<meta property=\"og:type\" content=\"article\" \/>\n<meta property=\"og:title\" content=\"UPLAN: National Parent Organizing | COFI\" \/>\n<meta property=\"og:description\" content=\"UPLAN is a non-partisan network of parent leaders from across the country who are passionate about improving the systems that affect children and families.\" \/>\n<meta property=\"og:url\" content=\"https:\/\/cofionline.org\/es\/the-work\/uplan-national-parent-organizing\/\" \/>\n<meta property=\"og:site_name\" content=\"COFI\" \/>\n<meta property=\"article:modified_time\" content=\"2025-01-03T17:06:26+00:00\" \/>\n<meta name=\"twitter:card\" content=\"summary_large_image\" \/>\n<meta name=\"twitter:label1\" content=\"Tiempo de lectura\" \/>\n\t<meta name=\"twitter:data1\" content=\"2 minutos\" \/>\n<script type=\"application\/ld+json\" class=\"yoast-schema-graph\">{\"@context\":\"https:\\\/\\\/schema.org\",\"@graph\":[{\"@type\":\"WebPage\",\"@id\":\"https:\\\/\\\/cofionline.org\\\/the-work\\\/uplan-national-parent-organizing\\\/\",\"url\":\"https:\\\/\\\/cofionline.org\\\/the-work\\\/uplan-national-parent-organizing\\\/\",\"name\":\"UPLAN: National Parent Organizing | COFI\",\"isPartOf\":{\"@id\":\"https:\\\/\\\/cofionline.org\\\/#website\"},\"datePublished\":\"2022-10-27T12:20:34+00:00\",\"dateModified\":\"2025-01-03T17:06:26+00:00\",\"description\":\"UPLAN is a non-partisan network of parent leaders from across the country who are passionate about improving the systems that affect children and families.\",\"breadcrumb\":{\"@id\":\"https:\\\/\\\/cofionline.org\\\/the-work\\\/uplan-national-parent-organizing\\\/#breadcrumb\"},\"inLanguage\":\"es\",\"potentialAction\":[{\"@type\":\"ReadAction\",\"target\":[\"https:\\\/\\\/cofionline.org\\\/the-work\\\/uplan-national-parent-organizing\\\/\"]}]},{\"@type\":\"BreadcrumbList\",\"@id\":\"https:\\\/\\\/cofionline.org\\\/the-work\\\/uplan-national-parent-organizing\\\/#breadcrumb\",\"itemListElement\":[{\"@type\":\"ListItem\",\"position\":1,\"name\":\"Home\",\"item\":\"https:\\\/\\\/cofionline.org\\\/\"},{\"@type\":\"ListItem\",\"position\":2,\"name\":\"The Work\",\"item\":\"https:\\\/\\\/cofionline.org\\\/the-work\\\/\"},{\"@type\":\"ListItem\",\"position\":3,\"name\":\"UPLAN: National Parent Organizing\"}]},{\"@type\":\"WebSite\",\"@id\":\"https:\\\/\\\/cofionline.org\\\/#website\",\"url\":\"https:\\\/\\\/cofionline.org\\\/\",\"name\":\"COFI | Community Organizing and Family Issues\",\"description\":\"Community Organizing and Family Issues\",\"publisher\":{\"@id\":\"https:\\\/\\\/cofionline.org\\\/#organization\"},\"potentialAction\":[{\"@type\":\"SearchAction\",\"target\":{\"@type\":\"EntryPoint\",\"urlTemplate\":\"https:\\\/\\\/cofionline.org\\\/?s={search_term_string}\"},\"query-input\":{\"@type\":\"PropertyValueSpecification\",\"valueRequired\":true,\"valueName\":\"search_term_string\"}}],\"inLanguage\":\"es\"},{\"@type\":\"Organization\",\"@id\":\"https:\\\/\\\/cofionline.org\\\/#organization\",\"name\":\"COFI | Community Organizing and Family Issues\",\"url\":\"https:\\\/\\\/cofionline.org\\\/\",\"logo\":{\"@type\":\"ImageObject\",\"inLanguage\":\"es\",\"@id\":\"https:\\\/\\\/cofionline.org\\\/#\\\/schema\\\/logo\\\/image\\\/\",\"url\":\"https:\\\/\\\/cofionline.org\\\/wp-content\\\/uploads\\\/2022\\\/12\\\/logo-cofi.png\",\"contentUrl\":\"https:\\\/\\\/cofionline.org\\\/wp-content\\\/uploads\\\/2022\\\/12\\\/logo-cofi.png\",\"width\":518,\"height\":180,\"caption\":\"COFI | Community Organizing and Family Issues\"},\"image\":{\"@id\":\"https:\\\/\\\/cofionline.org\\\/#\\\/schema\\\/logo\\\/image\\\/\"}}]}<\/script>\n<!-- \/ Yoast SEO plugin. -->","yoast_head_json":{"title":"UPLAN: Organizaci\u00f3n Nacional de Padres | COFI","description":"UPLAN es una red no partidista de padres l\u00edderes de todo el pa\u00eds apasionados por mejorar los sistemas que afectan a los ni\u00f1os y las familias.","robots":{"index":"index","follow":"follow","max-snippet":"max-snippet:-1","max-image-preview":"max-image-preview:large","max-video-preview":"max-video-preview:-1"},"canonical":"https:\/\/cofionline.org\/es\/the-work\/uplan-national-parent-organizing\/","og_locale":"es_MX","og_type":"article","og_title":"UPLAN: National Parent Organizing | COFI","og_description":"UPLAN is a non-partisan network of parent leaders from across the country who are passionate about improving the systems that affect children and families.","og_url":"https:\/\/cofionline.org\/es\/the-work\/uplan-national-parent-organizing\/","og_site_name":"COFI","article_modified_time":"2025-01-03T17:06:26+00:00","twitter_card":"summary_large_image","twitter_misc":{"Tiempo de lectura":"2 minutos"},"schema":{"@context":"https:\/\/schema.org","@graph":[{"@type":"WebPage","@id":"https:\/\/cofionline.org\/the-work\/uplan-national-parent-organizing\/","url":"https:\/\/cofionline.org\/the-work\/uplan-national-parent-organizing\/","name":"UPLAN: Organizaci\u00f3n Nacional de Padres | COFI","isPartOf":{"@id":"https:\/\/cofionline.org\/#website"},"datePublished":"2022-10-27T12:20:34+00:00","dateModified":"2025-01-03T17:06:26+00:00","description":"UPLAN es una red no partidista de padres l\u00edderes de todo el pa\u00eds apasionados por mejorar los sistemas que afectan a los ni\u00f1os y las familias.","breadcrumb":{"@id":"https:\/\/cofionline.org\/the-work\/uplan-national-parent-organizing\/#breadcrumb"},"inLanguage":"es","potentialAction":[{"@type":"ReadAction","target":["https:\/\/cofionline.org\/the-work\/uplan-national-parent-organizing\/"]}]},{"@type":"BreadcrumbList","@id":"https:\/\/cofionline.org\/the-work\/uplan-national-parent-organizing\/#breadcrumb","itemListElement":[{"@type":"ListItem","position":1,"name":"Home","item":"https:\/\/cofionline.org\/"},{"@type":"ListItem","position":2,"name":"The Work","item":"https:\/\/cofionline.org\/the-work\/"},{"@type":"ListItem","position":3,"name":"UPLAN: National Parent Organizing"}]},{"@type":"WebSite","@id":"https:\/\/cofionline.org\/#website","url":"https:\/\/cofionline.org\/","name":"COFI | Organizaci\u00f3n comunitaria y asuntos familiares","description":"Organizaci\u00f3n comunitaria y asuntos familiares","publisher":{"@id":"https:\/\/cofionline.org\/#organization"},"potentialAction":[{"@type":"SearchAction","target":{"@type":"EntryPoint","urlTemplate":"https:\/\/cofionline.org\/?s={search_term_string}"},"query-input":{"@type":"PropertyValueSpecification","valueRequired":true,"valueName":"search_term_string"}}],"inLanguage":"es"},{"@type":"Organization","@id":"https:\/\/cofionline.org\/#organization","name":"COFI | Organizaci\u00f3n comunitaria y asuntos familiares","url":"https:\/\/cofionline.org\/","logo":{"@type":"ImageObject","inLanguage":"es","@id":"https:\/\/cofionline.org\/#\/schema\/logo\/image\/","url":"https:\/\/cofionline.org\/wp-content\/uploads\/2022\/12\/logo-cofi.png","contentUrl":"https:\/\/cofionline.org\/wp-content\/uploads\/2022\/12\/logo-cofi.png","width":518,"height":180,"caption":"COFI | Community Organizing and Family Issues"},"image":{"@id":"https:\/\/cofionline.org\/#\/schema\/logo\/image\/"}}]}},"_links":{"self":[{"href":"https:\/\/cofionline.org\/es\/wp-json\/wp\/v2\/pages\/309","targetHints":{"allow":["GET"]}}],"collection":[{"href":"https:\/\/cofionline.org\/es\/wp-json\/wp\/v2\/pages"}],"about":[{"href":"https:\/\/cofionline.org\/es\/wp-json\/wp\/v2\/types\/page"}],"author":[{"embeddable":true,"href":"https:\/\/cofionline.org\/es\/wp-json\/wp\/v2\/users\/13"}],"replies":[{"embeddable":true,"href":"https:\/\/cofionline.org\/es\/wp-json\/wp\/v2\/comments?post=309"}],"version-history":[{"count":0,"href":"https:\/\/cofionline.org\/es\/wp-json\/wp\/v2\/pages\/309\/revisions"}],"up":[{"embeddable":true,"href":"https:\/\/cofionline.org\/es\/wp-json\/wp\/v2\/pages\/16"}],"wp:attachment":[{"href":"https:\/\/cofionline.org\/es\/wp-json\/wp\/v2\/media?parent=309"}],"curies":[{"name":"wp","href":"https:\/\/api.w.org\/{rel}","templated":true}]}}