{"id":21,"date":"2022-09-21T10:54:19","date_gmt":"2022-09-21T15:54:19","guid":{"rendered":"https:\/\/devcofi.wpenginepowered.com\/?page_id=21"},"modified":"2025-10-21T14:48:19","modified_gmt":"2025-10-21T19:48:19","slug":"jobs","status":"publish","type":"page","link":"https:\/\/cofionline.org\/es\/about-cofi\/jobs\/","title":{"rendered":"Trabajos"},"content":{"rendered":"<p>[et_pb_section fb_built=&#8221;1&#8243; _builder_version=&#8221;4.27.0&#8243; _module_preset=&#8221;default&#8221; background_color=&#8221;#094361&#8243; custom_padding=&#8221;40px||50px|||&#8221; global_colors_info=&#8221;{}&#8221;][et_pb_row column_structure=&#8221;2_5,3_5&#8243; _builder_version=&#8221;4.27.0&#8243; _module_preset=&#8221;default&#8221; global_colors_info=&#8221;{}&#8221;][et_pb_column type=&#8221;2_5&#8243; _builder_version=&#8221;4.27.0&#8243; _module_preset=&#8221;default&#8221; global_colors_info=&#8221;{}&#8221;][et_pb_text _builder_version=&#8221;4.27.2&#8243; _module_preset=&#8221;default&#8221; text_text_color=&#8221;#FFFFFF&#8221; text_font_size=&#8221;15px&#8221; header_font=&#8221;|600|||||||&#8221; header_text_color=&#8221;#FFFFFF&#8221; header_font_size=&#8221;46px&#8221; custom_margin=&#8221;90px||||false|false&#8221; global_colors_info=&#8221;{}&#8221;]<\/p>\n<h1>Jobs<\/h1>\n<p>[\/et_pb_text][\/et_pb_column][et_pb_column type=&#8221;3_5&#8243; _builder_version=&#8221;4.27.0&#8243; _module_preset=&#8221;default&#8221; global_colors_info=&#8221;{}&#8221;][et_pb_image src=&#8221;https:\/\/cofionline.org\/wp-content\/uploads\/jobs.jpg&#8221; alt=&#8221;Three women smile and pose for a group picture. One is holding a flag.&#8221; title_text=&#8221;jobs&#8221; _builder_version=&#8221;4.27.0&#8243; _module_preset=&#8221;default&#8221; global_colors_info=&#8221;{}&#8221;][\/et_pb_image][\/et_pb_column][\/et_pb_row][\/et_pb_section][et_pb_section fb_built=&#8221;1&#8243; admin_label=&#8221;section&#8221; _builder_version=&#8221;4.16&#8243; custom_padding=&#8221;60px|||||&#8221; global_colors_info=&#8221;{}&#8221;][et_pb_row admin_label=&#8221;row&#8221; _builder_version=&#8221;4.27.0&#8243; background_size=&#8221;initial&#8221; background_position=&#8221;top_left&#8221; background_repeat=&#8221;repeat&#8221; custom_margin=&#8221;0px||0px||false|false&#8221; custom_padding=&#8221;0px||0px||false|false&#8221; border_width_left=&#8221;6px&#8221; border_color_left=&#8221;#156489&#8243; global_colors_info=&#8221;{}&#8221;][et_pb_column type=&#8221;4_4&#8243; _builder_version=&#8221;4.16&#8243; custom_padding=&#8221;|||&#8221; global_colors_info=&#8221;{}&#8221; custom_padding__hover=&#8221;|||&#8221;][et_pb_text admin_label=&#8221;Text&#8221; _builder_version=&#8221;4.27.2&#8243; header_2_font=&#8221;|600|||||||&#8221; header_2_line_height=&#8221;1.5em&#8221; background_size=&#8221;initial&#8221; background_position=&#8221;top_left&#8221; background_repeat=&#8221;repeat&#8221; custom_margin=&#8221;0px||0px||false|false&#8221; custom_padding=&#8221;0px||0px|20px|false|false&#8221; global_colors_info=&#8221;{}&#8221;]<\/p>\n<h2>Join us in building a grassroots movement of parent leaders working for economic, racial, and social justice for families.<\/h2>\n<p>[\/et_pb_text][\/et_pb_column][\/et_pb_row][et_pb_row _builder_version=&#8221;4.27.0&#8243; _module_preset=&#8221;default&#8221; global_colors_info=&#8221;{}&#8221;][et_pb_column type=&#8221;4_4&#8243; _builder_version=&#8221;4.27.0&#8243; _module_preset=&#8221;default&#8221; global_colors_info=&#8221;{}&#8221;][et_pb_text _builder_version=&#8221;4.27.2&#8243; _module_preset=&#8221;default&#8221; link_font=&#8221;||||on||||&#8221; global_colors_info=&#8221;{}&#8221;]<\/p>\n<p>COFI offers generous family friendly benefits including health, disability, life, 403(b) with employer match, paid time off, flex benefit, flexible scheduling, optional vision and dental, and a paid sabbatical after 10 years.<\/p>\n<p>COFI is an equal opportunity employer. Women and people of color are strongly encouraged to apply.<\/p>\n<p>[\/et_pb_text][et_pb_text _builder_version=&#8221;4.27.4&#8243; _module_preset=&#8221;default&#8221; link_font=&#8221;||||on||||&#8221; header_3_font=&#8221;|600|||||||&#8221; header_3_line_height=&#8221;1.5em&#8221; header_5_line_height=&#8221;1.7em&#8221; hover_enabled=&#8221;0&#8243; global_colors_info=&#8221;{}&#8221; sticky_enabled=&#8221;0&#8243;]<\/p>\n<h3 class=\"wp-block-heading\">Current Openings<\/h3>\n<ul>\n<li>We currently do not have any openings. To learn about new openings, <a href=\"\/what-you-can-do\/stay-informed\/\" target=\"_blank\" rel=\"noopener\"><span style=\"text-decoration: underline;\">sign up for our newsletter here<\/span><\/a>.<\/li>\n<\/ul>\n<p><strong><\/strong><\/p>\n<h5 class=\"wp-block-heading\">To apply for a job, submit a cover letter, resume, and job application form (linked below):<\/h5>\n<p><a class=\"form\" href=\"https:\/\/docs.google.com\/forms\/d\/e\/1FAIpQLSfo11jroEQWkbaO76BwZ4IyD2kX1Ii3V2RESmZcXVPaI_TKyw\/viewform?usp=sf_link\" target=\"_blank\" rel=\"noopener\">Online (Google Form)<\/a><\/p>\n<p><a class=\"pdf\" href=\"https:\/\/cofionline.org\/wp-content\/uploads\/2022\/12\/COFI-Employment-Application-Form-1.pdf\">Download PDF<\/a><\/p>\n<p>[\/et_pb_text][\/et_pb_column][\/et_pb_row][\/et_pb_section]<\/p>\n","protected":false},"excerpt":{"rendered":"<p>Trabaje con COFI y desarrolle el poder de los padres<\/p>","protected":false},"author":13,"featured_media":14,"parent":11,"menu_order":5,"comment_status":"closed","ping_status":"closed","template":"","meta":{"_acf_changed":false,"_et_pb_use_builder":"on","_et_pb_old_content":"<!-- wp:quote -->\r\n<blockquote class=\"wp-block-quote\"><!-- wp:paragraph -->\r\n<p>Join us in building a grassroots movement of parent leaders working for economic, racial, and social justice for families.<\/p>\r\n<!-- \/wp:paragraph --><\/blockquote>\r\n<!-- \/wp:quote -->\r\n\r\n<!-- wp:paragraph -->\r\n<p>COFI offers generous family friendly benefits including health, disability, life, 403(b) with employer match, paid time off, flex benefit, flexible scheduling, optional vision and dental, and a paid sabbatical after 10 years.\u00a0<\/p>\r\n<!-- \/wp:paragraph -->\r\n\r\n<!-- wp:paragraph -->\r\n<p>COFI is an equal opportunity employer. Women and people of color are strongly encouraged to apply.\u00a0<\/p>\r\n<!-- \/wp:paragraph -->\r\n\r\n<!-- wp:heading {\"level\":4} -->\r\n<h4 class=\"wp-block-heading\">Current Openings<\/h4>\r\n<!-- \/wp:heading -->\r\n\r\n<!-- wp:paragraph -->\r\n<p><strong>COFI<\/strong><\/p>\r\n<!-- \/wp:paragraph -->\r\n\r\n<!-- wp:paragraph -->\r\n<p><a href=\"https:\/\/cofionline.org\/wp-content\/uploads\/COFI-Community-Organizer-Position-Job-Posting.pdf\" target=\"_blank\" rel=\"noreferrer noopener\">Bilingual Community Organizer in Chicago West Suburbs\/Kane County<\/a><\/p>\r\n<!-- \/wp:paragraph -->\r\n\r\n<!-- wp:paragraph -->\r\n<p><strong>UPLAN<\/strong><\/p>\r\n<!-- \/wp:paragraph -->\r\n\r\n<!-- wp:paragraph -->\r\n<p><a href=\"https:\/\/cofionline.org\/wp-content\/uploads\/UPLAN-National-Organizer-Job-Posting-2024.pdf\">National Organizer or Senior National Organizer<\/a> (UPLAN aims to hire one person at the Senior Organizer level and one at the Organizer level, <strong>or<\/strong> two people at the Organizer level.)<\/p>\r\n<!-- \/wp:paragraph -->\r\n\r\n<!-- wp:heading {\"level\":5} -->\r\n<h5 class=\"wp-block-heading\">To apply for a job, submit a cover letter, resume, and job application form (linked below):<\/h5>\r\n<!-- \/wp:heading -->\r\n\r\n<!-- wp:paragraph -->\r\n<p><a href=\"https:\/\/docs.google.com\/forms\/d\/e\/1FAIpQLSclpKlvAbILr1AttBBKfJ0DaadKHh2Zn0h6MioS7zC3gv4tHQ\/viewform\">Online (Google Form)<\/a><\/p>\r\n<!-- \/wp:paragraph -->\r\n\r\n<!-- wp:paragraph -->\r\n<p><a href=\"https:\/\/cofionline.org\/wp-content\/uploads\/2022\/12\/COFI-Employment-Application-Form-1.pdf\">Download PDF<\/a><\/p>\r\n<!-- \/wp:paragraph -->","_et_gb_content_width":"","footnotes":""},"class_list":["post-21","page","type-page","status-publish","has-post-thumbnail","hentry"],"acf":[],"yoast_head":"<!-- This site is optimized with the Yoast SEO plugin v27.3 - https:\/\/yoast.com\/product\/yoast-seo-wordpress\/ -->\n<title>Jobs | COFI<\/title>\n<meta name=\"description\" content=\"COFI is hiring! Join us in building a grassroots movement of parent leaders working for economic, racial, and social justice for families.\" \/>\n<meta name=\"robots\" content=\"index, follow, max-snippet:-1, max-image-preview:large, max-video-preview:-1\" \/>\n<link rel=\"canonical\" href=\"https:\/\/cofionline.org\/es\/about-cofi\/jobs\/\" \/>\n<meta property=\"og:locale\" content=\"es_MX\" \/>\n<meta property=\"og:type\" content=\"article\" \/>\n<meta property=\"og:title\" content=\"Jobs at COFI\" \/>\n<meta property=\"og:description\" content=\"Join us in building a grassroots movement of parent leaders working for economic, racial, and social justice for families.\" \/>\n<meta property=\"og:url\" content=\"https:\/\/cofionline.org\/es\/about-cofi\/jobs\/\" \/>\n<meta property=\"og:site_name\" content=\"COFI\" \/>\n<meta property=\"article:modified_time\" content=\"2025-10-21T19:48:19+00:00\" \/>\n<meta property=\"og:image\" content=\"https:\/\/cofionline.org\/wp-content\/uploads\/2022\/09\/single-featured-image.jpg\" \/>\n\t<meta property=\"og:image:width\" content=\"1440\" \/>\n\t<meta property=\"og:image:height\" content=\"1080\" \/>\n\t<meta property=\"og:image:type\" content=\"image\/jpeg\" \/>\n<meta name=\"twitter:card\" content=\"summary_large_image\" \/>\n<meta name=\"twitter:title\" content=\"Jobs at COFI\" \/>\n<meta name=\"twitter:description\" content=\"Join us in building a grassroots movement of parent leaders working for economic, racial, and social justice for families.\" \/>\n<meta name=\"twitter:image\" content=\"https:\/\/cofionline.org\/wp-content\/uploads\/2022\/09\/single-featured-image.jpg\" \/>\n<meta name=\"twitter:label1\" content=\"Tiempo de lectura\" \/>\n\t<meta name=\"twitter:data1\" content=\"1 minuto\" \/>\n<script type=\"application\/ld+json\" class=\"yoast-schema-graph\">{\"@context\":\"https:\\\/\\\/schema.org\",\"@graph\":[{\"@type\":\"WebPage\",\"@id\":\"https:\\\/\\\/cofionline.org\\\/about-cofi\\\/jobs\\\/\",\"url\":\"https:\\\/\\\/cofionline.org\\\/about-cofi\\\/jobs\\\/\",\"name\":\"Jobs | COFI\",\"isPartOf\":{\"@id\":\"https:\\\/\\\/cofionline.org\\\/#website\"},\"primaryImageOfPage\":{\"@id\":\"https:\\\/\\\/cofionline.org\\\/about-cofi\\\/jobs\\\/#primaryimage\"},\"image\":{\"@id\":\"https:\\\/\\\/cofionline.org\\\/about-cofi\\\/jobs\\\/#primaryimage\"},\"thumbnailUrl\":\"https:\\\/\\\/cofionline.org\\\/wp-content\\\/uploads\\\/2022\\\/09\\\/single-featured-image.jpg\",\"datePublished\":\"2022-09-21T15:54:19+00:00\",\"dateModified\":\"2025-10-21T19:48:19+00:00\",\"description\":\"COFI is hiring! Join us in building a grassroots movement of parent leaders working for economic, racial, and social justice for families.\",\"breadcrumb\":{\"@id\":\"https:\\\/\\\/cofionline.org\\\/about-cofi\\\/jobs\\\/#breadcrumb\"},\"inLanguage\":\"es\",\"potentialAction\":[{\"@type\":\"ReadAction\",\"target\":[\"https:\\\/\\\/cofionline.org\\\/about-cofi\\\/jobs\\\/\"]}]},{\"@type\":\"ImageObject\",\"inLanguage\":\"es\",\"@id\":\"https:\\\/\\\/cofionline.org\\\/about-cofi\\\/jobs\\\/#primaryimage\",\"url\":\"https:\\\/\\\/cofionline.org\\\/wp-content\\\/uploads\\\/2022\\\/09\\\/single-featured-image.jpg\",\"contentUrl\":\"https:\\\/\\\/cofionline.org\\\/wp-content\\\/uploads\\\/2022\\\/09\\\/single-featured-image.jpg\",\"width\":1440,\"height\":1080,\"caption\":\"Three women smile and pose for a group picture. One is holding a flag.\"},{\"@type\":\"BreadcrumbList\",\"@id\":\"https:\\\/\\\/cofionline.org\\\/about-cofi\\\/jobs\\\/#breadcrumb\",\"itemListElement\":[{\"@type\":\"ListItem\",\"position\":1,\"name\":\"Home\",\"item\":\"https:\\\/\\\/cofionline.org\\\/\"},{\"@type\":\"ListItem\",\"position\":2,\"name\":\"About COFI\",\"item\":\"https:\\\/\\\/cofionline.org\\\/about-cofi\\\/\"},{\"@type\":\"ListItem\",\"position\":3,\"name\":\"Jobs\"}]},{\"@type\":\"WebSite\",\"@id\":\"https:\\\/\\\/cofionline.org\\\/#website\",\"url\":\"https:\\\/\\\/cofionline.org\\\/\",\"name\":\"COFI | Community Organizing and Family Issues\",\"description\":\"Community Organizing and Family Issues\",\"publisher\":{\"@id\":\"https:\\\/\\\/cofionline.org\\\/#organization\"},\"potentialAction\":[{\"@type\":\"SearchAction\",\"target\":{\"@type\":\"EntryPoint\",\"urlTemplate\":\"https:\\\/\\\/cofionline.org\\\/?s={search_term_string}\"},\"query-input\":{\"@type\":\"PropertyValueSpecification\",\"valueRequired\":true,\"valueName\":\"search_term_string\"}}],\"inLanguage\":\"es\"},{\"@type\":\"Organization\",\"@id\":\"https:\\\/\\\/cofionline.org\\\/#organization\",\"name\":\"COFI | Community Organizing and Family Issues\",\"url\":\"https:\\\/\\\/cofionline.org\\\/\",\"logo\":{\"@type\":\"ImageObject\",\"inLanguage\":\"es\",\"@id\":\"https:\\\/\\\/cofionline.org\\\/#\\\/schema\\\/logo\\\/image\\\/\",\"url\":\"https:\\\/\\\/cofionline.org\\\/wp-content\\\/uploads\\\/2022\\\/12\\\/logo-cofi.png\",\"contentUrl\":\"https:\\\/\\\/cofionline.org\\\/wp-content\\\/uploads\\\/2022\\\/12\\\/logo-cofi.png\",\"width\":518,\"height\":180,\"caption\":\"COFI | Community Organizing and Family Issues\"},\"image\":{\"@id\":\"https:\\\/\\\/cofionline.org\\\/#\\\/schema\\\/logo\\\/image\\\/\"}}]}<\/script>\n<!-- \/ Yoast SEO plugin. -->","yoast_head_json":{"title":"Empleos | COFI","description":"\u00a1COFI est\u00e1 contratando! \u00danase a nosotros en la construcci\u00f3n de un movimiento de base de padres l\u00edderes que trabajan por la justicia econ\u00f3mica, racial y social para las familias.","robots":{"index":"index","follow":"follow","max-snippet":"max-snippet:-1","max-image-preview":"max-image-preview:large","max-video-preview":"max-video-preview:-1"},"canonical":"https:\/\/cofionline.org\/es\/about-cofi\/jobs\/","og_locale":"es_MX","og_type":"article","og_title":"Jobs at COFI","og_description":"Join us in building a grassroots movement of parent leaders working for economic, racial, and social justice for families.","og_url":"https:\/\/cofionline.org\/es\/about-cofi\/jobs\/","og_site_name":"COFI","article_modified_time":"2025-10-21T19:48:19+00:00","og_image":[{"width":1440,"height":1080,"url":"https:\/\/cofionline.org\/wp-content\/uploads\/2022\/09\/single-featured-image.jpg","type":"image\/jpeg"}],"twitter_card":"summary_large_image","twitter_title":"Jobs at COFI","twitter_description":"Join us in building a grassroots movement of parent leaders working for economic, racial, and social justice for families.","twitter_image":"https:\/\/cofionline.org\/wp-content\/uploads\/2022\/09\/single-featured-image.jpg","twitter_misc":{"Tiempo de lectura":"1 minuto"},"schema":{"@context":"https:\/\/schema.org","@graph":[{"@type":"WebPage","@id":"https:\/\/cofionline.org\/about-cofi\/jobs\/","url":"https:\/\/cofionline.org\/about-cofi\/jobs\/","name":"Empleos | COFI","isPartOf":{"@id":"https:\/\/cofionline.org\/#website"},"primaryImageOfPage":{"@id":"https:\/\/cofionline.org\/about-cofi\/jobs\/#primaryimage"},"image":{"@id":"https:\/\/cofionline.org\/about-cofi\/jobs\/#primaryimage"},"thumbnailUrl":"https:\/\/cofionline.org\/wp-content\/uploads\/2022\/09\/single-featured-image.jpg","datePublished":"2022-09-21T15:54:19+00:00","dateModified":"2025-10-21T19:48:19+00:00","description":"\u00a1COFI est\u00e1 contratando! \u00danase a nosotros en la construcci\u00f3n de un movimiento de base de padres l\u00edderes que trabajan por la justicia econ\u00f3mica, racial y social para las familias.","breadcrumb":{"@id":"https:\/\/cofionline.org\/about-cofi\/jobs\/#breadcrumb"},"inLanguage":"es","potentialAction":[{"@type":"ReadAction","target":["https:\/\/cofionline.org\/about-cofi\/jobs\/"]}]},{"@type":"ImageObject","inLanguage":"es","@id":"https:\/\/cofionline.org\/about-cofi\/jobs\/#primaryimage","url":"https:\/\/cofionline.org\/wp-content\/uploads\/2022\/09\/single-featured-image.jpg","contentUrl":"https:\/\/cofionline.org\/wp-content\/uploads\/2022\/09\/single-featured-image.jpg","width":1440,"height":1080,"caption":"Three women smile and pose for a group picture. One is holding a flag."},{"@type":"BreadcrumbList","@id":"https:\/\/cofionline.org\/about-cofi\/jobs\/#breadcrumb","itemListElement":[{"@type":"ListItem","position":1,"name":"Home","item":"https:\/\/cofionline.org\/"},{"@type":"ListItem","position":2,"name":"About COFI","item":"https:\/\/cofionline.org\/about-cofi\/"},{"@type":"ListItem","position":3,"name":"Jobs"}]},{"@type":"WebSite","@id":"https:\/\/cofionline.org\/#website","url":"https:\/\/cofionline.org\/","name":"COFI | Organizaci\u00f3n comunitaria y asuntos familiares","description":"Organizaci\u00f3n comunitaria y asuntos familiares","publisher":{"@id":"https:\/\/cofionline.org\/#organization"},"potentialAction":[{"@type":"SearchAction","target":{"@type":"EntryPoint","urlTemplate":"https:\/\/cofionline.org\/?s={search_term_string}"},"query-input":{"@type":"PropertyValueSpecification","valueRequired":true,"valueName":"search_term_string"}}],"inLanguage":"es"},{"@type":"Organization","@id":"https:\/\/cofionline.org\/#organization","name":"COFI | Organizaci\u00f3n comunitaria y asuntos familiares","url":"https:\/\/cofionline.org\/","logo":{"@type":"ImageObject","inLanguage":"es","@id":"https:\/\/cofionline.org\/#\/schema\/logo\/image\/","url":"https:\/\/cofionline.org\/wp-content\/uploads\/2022\/12\/logo-cofi.png","contentUrl":"https:\/\/cofionline.org\/wp-content\/uploads\/2022\/12\/logo-cofi.png","width":518,"height":180,"caption":"COFI | Community Organizing and Family Issues"},"image":{"@id":"https:\/\/cofionline.org\/#\/schema\/logo\/image\/"}}]}},"_links":{"self":[{"href":"https:\/\/cofionline.org\/es\/wp-json\/wp\/v2\/pages\/21","targetHints":{"allow":["GET"]}}],"collection":[{"href":"https:\/\/cofionline.org\/es\/wp-json\/wp\/v2\/pages"}],"about":[{"href":"https:\/\/cofionline.org\/es\/wp-json\/wp\/v2\/types\/page"}],"author":[{"embeddable":true,"href":"https:\/\/cofionline.org\/es\/wp-json\/wp\/v2\/users\/13"}],"replies":[{"embeddable":true,"href":"https:\/\/cofionline.org\/es\/wp-json\/wp\/v2\/comments?post=21"}],"version-history":[{"count":0,"href":"https:\/\/cofionline.org\/es\/wp-json\/wp\/v2\/pages\/21\/revisions"}],"up":[{"embeddable":true,"href":"https:\/\/cofionline.org\/es\/wp-json\/wp\/v2\/pages\/11"}],"wp:featuredmedia":[{"embeddable":true,"href":"https:\/\/cofionline.org\/es\/wp-json\/wp\/v2\/media\/14"}],"wp:attachment":[{"href":"https:\/\/cofionline.org\/es\/wp-json\/wp\/v2\/media?parent=21"}],"curies":[{"name":"wp","href":"https:\/\/api.w.org\/{rel}","templated":true}]}}