{"id":1939,"date":"2022-11-07T08:38:37","date_gmt":"2022-11-07T14:38:37","guid":{"rendered":"https:\/\/devcofi.wpenginepowered.com\/get-training\/for-organizations\/travel-information\/"},"modified":"2024-09-24T21:15:12","modified_gmt":"2024-09-25T02:15:12","slug":"travel-information","status":"publish","type":"page","link":"https:\/\/cofionline.org\/es\/get-training\/cofi-center-for-action-and-learning\/travel-information\/","title":{"rendered":"Informaci\u00f3n de viaje"},"content":{"rendered":"<p>[et_pb_section fb_built=&#8221;1&#8243; _builder_version=&#8221;4.27.0&#8243; _module_preset=&#8221;default&#8221; background_color=&#8221;#094361&#8243; custom_padding=&#8221;40px||50px|||&#8221; global_colors_info=&#8221;{}&#8221;][et_pb_row column_structure=&#8221;2_5,3_5&#8243; _builder_version=&#8221;4.27.0&#8243; _module_preset=&#8221;default&#8221; global_colors_info=&#8221;{}&#8221;][et_pb_column type=&#8221;2_5&#8243; _builder_version=&#8221;4.27.0&#8243; _module_preset=&#8221;default&#8221; global_colors_info=&#8221;{}&#8221;][et_pb_text _builder_version=&#8221;4.27.0&#8243; _module_preset=&#8221;default&#8221; text_text_color=&#8221;#FFFFFF&#8221; text_font_size=&#8221;15px&#8221; header_font=&#8221;|600|||||||&#8221; header_text_color=&#8221;#FFFFFF&#8221; header_font_size=&#8221;46px&#8221; custom_margin=&#8221;90px||||false|false&#8221; global_colors_info=&#8221;{}&#8221;]<\/p>\n<h1>\nTravel Information<br \/>\n<\/h1>\n<p>[\/et_pb_text][\/et_pb_column][et_pb_column type=&#8221;3_5&#8243; _builder_version=&#8221;4.27.0&#8243; _module_preset=&#8221;default&#8221; global_colors_info=&#8221;{}&#8221;][et_pb_image src=&#8221;https:\/\/cofionline.org\/wp-content\/uploads\/2022\/11\/IMG_0721-scaled-e1722957539213.jpg&#8221; alt=&#8221;A large group of COFI Center workshop participants pose for a photo&#8221; title_text=&#8221;IMG_0721&#8243; _builder_version=&#8221;4.27.0&#8243; _module_preset=&#8221;default&#8221; global_colors_info=&#8221;{}&#8221;][\/et_pb_image][\/et_pb_column][\/et_pb_row][\/et_pb_section][et_pb_section fb_built=&#8221;1&#8243; _builder_version=&#8221;4.27.0&#8243; _module_preset=&#8221;default&#8221; global_colors_info=&#8221;{}&#8221;][et_pb_row _builder_version=&#8221;4.27.0&#8243; _module_preset=&#8221;default&#8221; global_colors_info=&#8221;{}&#8221;][et_pb_column type=&#8221;4_4&#8243; _builder_version=&#8221;4.27.0&#8243; _module_preset=&#8221;default&#8221; global_colors_info=&#8221;{}&#8221;][et_pb_text _builder_version=&#8221;4.27.0&#8243; _module_preset=&#8221;default&#8221; header_2_font=&#8221;|600|||||||&#8221; header_2_font_size=&#8221;28px&#8221; global_colors_info=&#8221;{}&#8221;]<\/p>\n<h2>Traveling to Chicago for an upcoming COFI Center training? We\u2019ve got you covered!<\/h2>\n<p>[\/et_pb_text][\/et_pb_column][\/et_pb_row][et_pb_row _builder_version=&#8221;4.27.0&#8243; _module_preset=&#8221;default&#8221; column_structure=&#8221;1_4,1_4,1_2&#8243; custom_padding=&#8221;||1px|||&#8221;][et_pb_column _builder_version=&#8221;4.27.0&#8243; _module_preset=&#8221;default&#8221; type=&#8221;1_4&#8243;][et_pb_image src=&#8221;https:\/\/cofionline.org\/wp-content\/uploads\/2022\/11\/CCAL-logo-vertical-transparent-bg-Copy1.png&#8221; title_text=&#8221;CCAL-logo-vertical-transparent-bg &#8211; Copy1&#8243; align=&#8221;center&#8221; _builder_version=&#8221;4.27.0&#8243; _module_preset=&#8221;default&#8221; hover_enabled=&#8221;0&#8243; global_colors_info=&#8221;{}&#8221; sticky_enabled=&#8221;0&#8243;][\/et_pb_image][\/et_pb_column][et_pb_column _builder_version=&#8221;4.27.0&#8243; _module_preset=&#8221;default&#8221; type=&#8221;1_4&#8243;][et_pb_text _builder_version=&#8221;4.27.0&#8243; _module_preset=&#8221;default&#8221; text_font_size=&#8221;16px&#8221; text_line_height=&#8221;1.9em&#8221; header_3_font=&#8221;|600|||||||&#8221; header_3_font_size=&#8221;20px&#8221; hover_enabled=&#8221;0&#8243; global_colors_info=&#8221;{}&#8221; sticky_enabled=&#8221;0&#8243;]<\/p>\n<h3>Community Organizing and Family Issues (COFI)<a href=\"mailto:cofi@cofionline.org\"><\/a><\/h3>\n<p>2245 S Michigan Ave, Suite 200<br \/>Chicago, IL 60616<br \/>Tel. (312) 226-5141<br \/><a href=\"mailto:cofi@cofionline.org\">cofi@cofionline.org<\/a><\/p>\n<p>[\/et_pb_text][\/et_pb_column][et_pb_column _builder_version=&#8221;4.27.0&#8243; _module_preset=&#8221;default&#8221; type=&#8221;1_2&#8243;][et_pb_code _builder_version=&#8221;4.27.0&#8243; _module_preset=&#8221;default&#8221; module_alignment=&#8221;right&#8221; hover_enabled=&#8221;0&#8243; global_colors_info=&#8221;{}&#8221; width=&#8221;100%&#8221; max_width=&#8221;100%&#8221; min_height=&#8221;465px&#8221; sticky_enabled=&#8221;0&#8243;]<iframe src=\"https:\/\/www.google.com\/maps\/embed?pb=!1m18!1m12!1m3!1d2971.9211447656494!2d-87.62549954912683!3d41.85152407495411!2m3!1f0!2f0!3f0!3m2!1i1024!2i768!4f13.1!3m3!1m2!1s0x880e2d25dcc4b8b9%3A0xa1e40ffb1170e695!2sCommunity%20Organizing%20%26%20Family!5e0!3m2!1sen!2sus!4v1669509207475!5m2!1sen!2sus\" width=\"600\" height=\"450\" style=\"border: 0;\" allowfullscreen=\"\" loading=\"lazy\" referrerpolicy=\"no-referrer-when-downgrade\"><\/iframe>[\/et_pb_code][\/et_pb_column][\/et_pb_row][et_pb_row _builder_version=&#8221;4.27.0&#8243; _module_preset=&#8221;default&#8221; global_colors_info=&#8221;{}&#8221; min_height=&#8221;1027.2px&#8221; custom_margin=&#8221;|auto|-105px|auto||&#8221;][et_pb_column type=&#8221;4_4&#8243; _builder_version=&#8221;4.27.0&#8243; _module_preset=&#8221;default&#8221; global_colors_info=&#8221;{}&#8221;][et_pb_text _builder_version=&#8221;4.27.0&#8243; _module_preset=&#8221;default&#8221; link_font=&#8221;|600|||on||||&#8221; header_4_font=&#8221;|600|||||||&#8221; header_4_line_height=&#8221;1.5em&#8221; header_6_font=&#8221;|600|||||||&#8221; global_colors_info=&#8221;{}&#8221;]<\/p>\n<h4>Nearby Hotels<\/h5>\n<p>Please note that this list consists of hotels that are within short walking distance of COFI. We recommend searching on Booking.com (or similar sites) to find accommodations that fit all travel budgets. Our office is about two miles south of downtown so any hotel in the downtown area will be close.<\/p>\n<p><a href=\"https:\/\/www.hilton.com\/en\/hotels\/chimchx-hampton-chicago-mccormick-place\/\" class=\"external\" target=\"_blank\" rel=\"noopener\">Hampton Inn Chicago McCormick Place<\/a><br \/>123 E Cermak Rd, Suite 100<br \/>Chicago, IL 60616<br \/>0.1 miles from COFI<\/p>\n<p><a href=\"https:\/\/www.marriott.com\/en-us\/hotels\/chimq-marriott-marquis-chicago\/overview\/\" class=\"external\" target=\"_blank\" rel=\"noopener\">Marriott Marquis Chicago<\/a><br \/>2121 S Prairie Ave<br \/>Chicago, IL 60616<br \/>0.3 miles from COFI<\/p>\n<p><a href=\"https:\/\/www.hyatt.com\/en-US\/hotel\/illinois\/hyatt-regency-mccormick-place\/chimc\" class=\"external\" target=\"_blank\" rel=\"noopener\">Hyatt Regency McCormick Place<\/a><br \/>2233 S Martin Luther King Dr<br \/>Chicago, IL 60616<br \/>0.5 miles from COFI<\/p>\n<p><\/p>\n<h4 class=\"wp-block-heading\">Public Transit Directions<\/h5>\n<h6 class=\"wp-block-heading\">By CTA Train<\/h6>\n<p>The nearest CTA train station is Cermak-McCormick Place on the Green Line. It\u2019s about a block-and-a-half to COFI.<\/p>\n<h6 class=\"wp-block-heading\">By Bus<\/h6>\n<p>The 21 Cermak bus: both eastbound and westbound buses stop at Cermak and Michigan. Walk south half a block on Michigan to COFI.<\/p>\n<p>The 1 Bronzeville\/Union Station and 4 Cottage Grove buses run northbound and southbound on Michigan, stopping at Michigan and 23rd.<\/p>\n<h6 class=\"wp-block-heading\">By Amtrak<\/h6>\n<p>If arriving at Union Station, take the Green line from Clinton in the direction of Ashland\/63rd or Cottage Grove. The Cermak-McCormick Place stop is about a block-and-a-half from COFI.<\/p>\n<h6 class=\"wp-block-heading\">By Metra<\/h6>\n<p>If arriving at Ogilvie Transportation Center (Chicago OTC), take the Green line from Clinton in the direction of Ashland\/63rd or Cottage Grove. The Cermak-McCormick Place stop is about a block-and-a-half from COFI.<\/p>\n<h6 class=\"wp-block-heading\">Parking<\/h6>\n<p>Free and metered parking is available on the surrounding streets. We suggest using SpotHero or a similar app for the best deals on lot or garage parking.<\/p>\n<p>[\/et_pb_text][\/et_pb_column][\/et_pb_row][\/et_pb_section]<\/p>\n","protected":false},"excerpt":{"rendered":"<p>Travel Information Traveling to Chicago for an upcoming COFI Center training? We\u2019ve got you covered!Community Organizing and Family Issues (COFI) 2245 S Michigan Ave, Suite 200Chicago, IL 60616Tel. (312) 226-5141cofi@cofionline.orgNearby Hotels Please note that this list consists of hotels that are within short walking distance of COFI. We recommend searching on Booking.com (or similar sites) [&hellip;]<\/p>\n","protected":false},"author":13,"featured_media":2370,"parent":1937,"menu_order":4,"comment_status":"closed","ping_status":"closed","template":"","meta":{"_acf_changed":false,"_et_pb_use_builder":"on","_et_pb_old_content":"<!-- wp:heading {\"level\":4,\"gbResponsiveSettings\":{}} -->\r\n<h4 class=\"wp-block-heading\">Traveling to Chicago for an upcoming COFI Center workshop? We\u2019ve got you covered!<\/h4>\r\n<!-- \/wp:heading -->\r\n\r\n<!-- wp:columns -->\r\n<div class=\"wp-block-columns\"><!-- wp:column {\"width\":\"33.33%\"} -->\r\n<div class=\"wp-block-column\" style=\"flex-basis:33.33%\"><!-- wp:image {\"align\":\"center\",\"id\":2351,\"width\":213,\"height\":245,\"sizeSlug\":\"large\",\"linkDestination\":\"none\"} -->\r\n<figure class=\"wp-block-image aligncenter size-large is-resized\"><img src=\"https:\/\/cofionline.org\/wp-content\/uploads\/2022\/11\/CCAL-logo-vertical-transparent-bg-e1669473453121-1200x1385.png\" alt=\"\" class=\"wp-image-2351\" style=\"width:213px;height:245px\" width=\"213\" height=\"245\"\/><\/figure>\r\n<!-- \/wp:image --><\/div>\r\n<!-- \/wp:column -->\r\n\r\n<!-- wp:column {\"verticalAlignment\":\"top\",\"width\":\"66.66%\"} -->\r\n<div class=\"wp-block-column is-vertically-aligned-top\" style=\"flex-basis:66.66%\"><!-- wp:paragraph -->\r\n<p><strong>Community Organizing and Family Issues (COFI) <\/strong><\/p>\r\n<!-- \/wp:paragraph -->\r\n\r\n<!-- wp:paragraph -->\r\n<p>2245 S Michigan Ave, Suite 200<br>Chicago, IL 60616<br>Tel. (312) 226-5141<br><a href=\"mailto:cofi@cofionline.org\">cofi@cofionline.org<\/a><\/p>\r\n<!-- \/wp:paragraph -->\r\n\r\n<!-- wp:paragraph -->\r\n<p> <\/p>\r\n<!-- \/wp:paragraph --><\/div>\r\n<!-- \/wp:column --><\/div>\r\n<!-- \/wp:columns -->\r\n\r\n<!-- wp:html -->\r\n<iframe src=\"https:\/\/www.google.com\/maps\/embed?pb=!1m18!1m12!1m3!1d2971.9211447656494!2d-87.62549954912683!3d41.85152407495411!2m3!1f0!2f0!3f0!3m2!1i1024!2i768!4f13.1!3m3!1m2!1s0x880e2d25dcc4b8b9%3A0xa1e40ffb1170e695!2sCommunity%20Organizing%20%26%20Family!5e0!3m2!1sen!2sus!4v1669509207475!5m2!1sen!2sus\" width=\"600\" height=\"450\" style=\"border:0;\" allowfullscreen=\"\" loading=\"lazy\" referrerpolicy=\"no-referrer-when-downgrade\"><\/iframe>\r\n<!-- \/wp:html -->\r\n\r\n<!-- wp:heading {\"level\":5,\"gbResponsiveSettings\":{}} -->\r\n<h5 class=\"wp-block-heading\">Nearby Hotels<\/h5>\r\n<!-- \/wp:heading -->\r\n\r\n<!-- wp:paragraph -->\r\n<p>Please note that this list consists of hotels that are within short walking distance of COFI. We recommend searching on Booking.com (or similar sites) to find accommodations that fit all travel budgets. Our office is about two miles south of downtown so any hotel in the downtown area will be close.<\/p>\r\n<!-- \/wp:paragraph -->\r\n\r\n<!-- wp:paragraph -->\r\n<p><a href=\"https:\/\/www.hilton.com\/en\/hotels\/chimchx-hampton-chicago-mccormick-place\/\">Hampton Inn Chicago McCormick Place<\/a><br>123 E Cermak Rd, Suite 100<br>Chicago, IL 60616<br>0.1 miles from COFI<\/p>\r\n<!-- \/wp:paragraph -->\r\n\r\n<!-- wp:paragraph -->\r\n<p><a href=\"https:\/\/www.marriott.com\/en-us\/hotels\/chimq-marriott-marquis-chicago\/overview\/\">Marriott Marquis Chicago<\/a><br>2121 S Prairie Ave<br>Chicago, IL 60616<br>0.3 miles from COFI<\/p>\r\n<!-- \/wp:paragraph -->\r\n\r\n<!-- wp:paragraph -->\r\n<p><a href=\"https:\/\/www.hyatt.com\/en-US\/hotel\/illinois\/hyatt-regency-mccormick-place\/chimc\">Hyatt Regency McCormick Place<\/a><br>2233 S Martin Luther King Dr<br>Chicago, IL 60616<br>0.5 miles from COFI<\/p>\r\n<!-- \/wp:paragraph -->\r\n\r\n<!-- wp:heading {\"level\":5,\"gbResponsiveSettings\":{}} -->\r\n<h5 class=\"wp-block-heading\">Public Transit Directions<\/h5>\r\n<!-- \/wp:heading -->\r\n\r\n<!-- wp:heading {\"level\":6,\"gbResponsiveSettings\":{}} -->\r\n<h6 class=\"wp-block-heading\">By CTA Train<\/h6>\r\n<!-- \/wp:heading -->\r\n\r\n<!-- wp:paragraph -->\r\n<p>The nearest CTA train station is Cermak-McCormick Place on the Green Line. It\u2019s about a block-and-a-half to COFI.<\/p>\r\n<!-- \/wp:paragraph -->\r\n\r\n<!-- wp:heading {\"level\":6,\"gbResponsiveSettings\":{}} -->\r\n<h6 class=\"wp-block-heading\">By Bus<\/h6>\r\n<!-- \/wp:heading -->\r\n\r\n<!-- wp:paragraph -->\r\n<p>The 21 Cermak bus: both eastbound and westbound buses stop at Cermak and Michigan. Walk south half a block on Michigan to COFI.<\/p>\r\n<!-- \/wp:paragraph -->\r\n\r\n<!-- wp:paragraph -->\r\n<p>The 1 Bronzeville\/Union Station and 4 Cottage Grove buses run northbound and southbound on Michigan, stopping at Michigan and 23rd.<\/p>\r\n<!-- \/wp:paragraph -->\r\n\r\n<!-- wp:heading {\"level\":6,\"gbResponsiveSettings\":{}} -->\r\n<h6 class=\"wp-block-heading\">By Amtrak<\/h6>\r\n<!-- \/wp:heading -->\r\n\r\n<!-- wp:paragraph -->\r\n<p>If arriving at Union Station, take the Green line from Clinton in the direction of Ashland\/63rd or Cottage Grove. The Cermak-McCormick Place stop is about a block-and-a-half from COFI.<\/p>\r\n<!-- \/wp:paragraph -->\r\n\r\n<!-- wp:heading {\"level\":6,\"gbResponsiveSettings\":{}} -->\r\n<h6 class=\"wp-block-heading\">By Metra<\/h6>\r\n<!-- \/wp:heading -->\r\n\r\n<!-- wp:paragraph -->\r\n<p>If arriving at Ogilvie Transportation Center (Chicago OTC), take the Green line from Clinton in the direction of Ashland\/63rd or Cottage Grove. The Cermak-McCormick Place stop is about a block-and-a-half from COFI.<\/p>\r\n<!-- \/wp:paragraph -->\r\n\r\n<!-- wp:heading {\"level\":6,\"gbResponsiveSettings\":{}} -->\r\n<h6 class=\"wp-block-heading\">Parking<\/h6>\r\n<!-- \/wp:heading -->\r\n\r\n<!-- wp:paragraph -->\r\n<p>Free and metered parking is available on the surrounding streets. We suggest using SpotHero or a similar app for the best deals on lot or garage parking.<\/p>\r\n<!-- \/wp:paragraph -->","_et_gb_content_width":"","footnotes":""},"class_list":["post-1939","page","type-page","status-publish","has-post-thumbnail","hentry"],"acf":[],"yoast_head":"<!-- This site is optimized with the Yoast SEO plugin v27.3 - https:\/\/yoast.com\/product\/yoast-seo-wordpress\/ -->\n<title>Travel Information | COFI<\/title>\n<meta name=\"description\" content=\"Need travel information for an upcoming COFI Center workshop? Find hotel, public transit, and parking information here.\" \/>\n<meta name=\"robots\" content=\"index, follow, max-snippet:-1, max-image-preview:large, max-video-preview:-1\" \/>\n<link rel=\"canonical\" href=\"https:\/\/cofionline.org\/es\/get-training\/cofi-center-for-action-and-learning\/travel-information\/\" \/>\n<meta property=\"og:locale\" content=\"es_MX\" \/>\n<meta property=\"og:type\" content=\"article\" \/>\n<meta property=\"og:title\" content=\"Travel Information | COFI\" \/>\n<meta property=\"og:description\" content=\"Need travel information for an upcoming COFI Center workshop? Find hotel, public transit, and parking information here.\" \/>\n<meta property=\"og:url\" content=\"https:\/\/cofionline.org\/es\/get-training\/cofi-center-for-action-and-learning\/travel-information\/\" \/>\n<meta property=\"og:site_name\" content=\"COFI\" \/>\n<meta property=\"article:modified_time\" content=\"2024-09-25T02:15:12+00:00\" \/>\n<meta property=\"og:image\" content=\"https:\/\/cofionline.org\/wp-content\/uploads\/2022\/11\/IMG_0721-scaled-e1722957539213.jpg\" \/>\n\t<meta property=\"og:image:width\" content=\"2208\" \/>\n\t<meta property=\"og:image:height\" content=\"920\" \/>\n\t<meta property=\"og:image:type\" content=\"image\/jpeg\" \/>\n<meta name=\"twitter:card\" content=\"summary_large_image\" \/>\n<meta name=\"twitter:label1\" content=\"Tiempo de lectura\" \/>\n\t<meta name=\"twitter:data1\" content=\"2 minutos\" \/>\n<script type=\"application\/ld+json\" class=\"yoast-schema-graph\">{\"@context\":\"https:\\\/\\\/schema.org\",\"@graph\":[{\"@type\":\"WebPage\",\"@id\":\"https:\\\/\\\/cofionline.org\\\/get-training\\\/cofi-center-for-action-and-learning\\\/travel-information\\\/\",\"url\":\"https:\\\/\\\/cofionline.org\\\/get-training\\\/cofi-center-for-action-and-learning\\\/travel-information\\\/\",\"name\":\"Travel Information | COFI\",\"isPartOf\":{\"@id\":\"https:\\\/\\\/cofionline.org\\\/#website\"},\"primaryImageOfPage\":{\"@id\":\"https:\\\/\\\/cofionline.org\\\/get-training\\\/cofi-center-for-action-and-learning\\\/travel-information\\\/#primaryimage\"},\"image\":{\"@id\":\"https:\\\/\\\/cofionline.org\\\/get-training\\\/cofi-center-for-action-and-learning\\\/travel-information\\\/#primaryimage\"},\"thumbnailUrl\":\"https:\\\/\\\/cofionline.org\\\/wp-content\\\/uploads\\\/2022\\\/11\\\/IMG_0721-scaled-e1722957539213.jpg\",\"datePublished\":\"2022-11-07T14:38:37+00:00\",\"dateModified\":\"2024-09-25T02:15:12+00:00\",\"description\":\"Need travel information for an upcoming COFI Center workshop? Find hotel, public transit, and parking information here.\",\"breadcrumb\":{\"@id\":\"https:\\\/\\\/cofionline.org\\\/get-training\\\/cofi-center-for-action-and-learning\\\/travel-information\\\/#breadcrumb\"},\"inLanguage\":\"es\",\"potentialAction\":[{\"@type\":\"ReadAction\",\"target\":[\"https:\\\/\\\/cofionline.org\\\/get-training\\\/cofi-center-for-action-and-learning\\\/travel-information\\\/\"]}]},{\"@type\":\"ImageObject\",\"inLanguage\":\"es\",\"@id\":\"https:\\\/\\\/cofionline.org\\\/get-training\\\/cofi-center-for-action-and-learning\\\/travel-information\\\/#primaryimage\",\"url\":\"https:\\\/\\\/cofionline.org\\\/wp-content\\\/uploads\\\/2022\\\/11\\\/IMG_0721-scaled-e1722957539213.jpg\",\"contentUrl\":\"https:\\\/\\\/cofionline.org\\\/wp-content\\\/uploads\\\/2022\\\/11\\\/IMG_0721-scaled-e1722957539213.jpg\",\"width\":2208,\"height\":920,\"caption\":\"A large group of COFI Center workshop participants pose for a photo\"},{\"@type\":\"BreadcrumbList\",\"@id\":\"https:\\\/\\\/cofionline.org\\\/get-training\\\/cofi-center-for-action-and-learning\\\/travel-information\\\/#breadcrumb\",\"itemListElement\":[{\"@type\":\"ListItem\",\"position\":1,\"name\":\"Home\",\"item\":\"https:\\\/\\\/cofionline.org\\\/\"},{\"@type\":\"ListItem\",\"position\":2,\"name\":\"Get Training\",\"item\":\"https:\\\/\\\/cofionline.org\\\/get-training\\\/\"},{\"@type\":\"ListItem\",\"position\":3,\"name\":\"COFI Center for Action and Learning\",\"item\":\"https:\\\/\\\/cofionline.org\\\/get-training\\\/cofi-center-for-action-and-learning\\\/\"},{\"@type\":\"ListItem\",\"position\":4,\"name\":\"Travel Information\"}]},{\"@type\":\"WebSite\",\"@id\":\"https:\\\/\\\/cofionline.org\\\/#website\",\"url\":\"https:\\\/\\\/cofionline.org\\\/\",\"name\":\"COFI | Community Organizing and Family Issues\",\"description\":\"Community Organizing and Family Issues\",\"publisher\":{\"@id\":\"https:\\\/\\\/cofionline.org\\\/#organization\"},\"potentialAction\":[{\"@type\":\"SearchAction\",\"target\":{\"@type\":\"EntryPoint\",\"urlTemplate\":\"https:\\\/\\\/cofionline.org\\\/?s={search_term_string}\"},\"query-input\":{\"@type\":\"PropertyValueSpecification\",\"valueRequired\":true,\"valueName\":\"search_term_string\"}}],\"inLanguage\":\"es\"},{\"@type\":\"Organization\",\"@id\":\"https:\\\/\\\/cofionline.org\\\/#organization\",\"name\":\"COFI | Community Organizing and Family Issues\",\"url\":\"https:\\\/\\\/cofionline.org\\\/\",\"logo\":{\"@type\":\"ImageObject\",\"inLanguage\":\"es\",\"@id\":\"https:\\\/\\\/cofionline.org\\\/#\\\/schema\\\/logo\\\/image\\\/\",\"url\":\"https:\\\/\\\/cofionline.org\\\/wp-content\\\/uploads\\\/2022\\\/12\\\/logo-cofi.png\",\"contentUrl\":\"https:\\\/\\\/cofionline.org\\\/wp-content\\\/uploads\\\/2022\\\/12\\\/logo-cofi.png\",\"width\":518,\"height\":180,\"caption\":\"COFI | Community Organizing and Family Issues\"},\"image\":{\"@id\":\"https:\\\/\\\/cofionline.org\\\/#\\\/schema\\\/logo\\\/image\\\/\"}}]}<\/script>\n<!-- \/ Yoast SEO plugin. -->","yoast_head_json":{"title":"Informaci\u00f3n de viaje | COFI","description":"\u00bfNecesita informaci\u00f3n de viaje para un pr\u00f3ximo taller del Centro COFI? Encuentre informaci\u00f3n sobre hoteles, transporte p\u00fablico y estacionamiento aqu\u00ed.","robots":{"index":"index","follow":"follow","max-snippet":"max-snippet:-1","max-image-preview":"max-image-preview:large","max-video-preview":"max-video-preview:-1"},"canonical":"https:\/\/cofionline.org\/es\/get-training\/cofi-center-for-action-and-learning\/travel-information\/","og_locale":"es_MX","og_type":"article","og_title":"Travel Information | COFI","og_description":"Need travel information for an upcoming COFI Center workshop? Find hotel, public transit, and parking information here.","og_url":"https:\/\/cofionline.org\/es\/get-training\/cofi-center-for-action-and-learning\/travel-information\/","og_site_name":"COFI","article_modified_time":"2024-09-25T02:15:12+00:00","og_image":[{"width":2208,"height":920,"url":"https:\/\/cofionline.org\/wp-content\/uploads\/2022\/11\/IMG_0721-scaled-e1722957539213.jpg","type":"image\/jpeg"}],"twitter_card":"summary_large_image","twitter_misc":{"Tiempo de lectura":"2 minutos"},"schema":{"@context":"https:\/\/schema.org","@graph":[{"@type":"WebPage","@id":"https:\/\/cofionline.org\/get-training\/cofi-center-for-action-and-learning\/travel-information\/","url":"https:\/\/cofionline.org\/get-training\/cofi-center-for-action-and-learning\/travel-information\/","name":"Informaci\u00f3n de viaje | COFI","isPartOf":{"@id":"https:\/\/cofionline.org\/#website"},"primaryImageOfPage":{"@id":"https:\/\/cofionline.org\/get-training\/cofi-center-for-action-and-learning\/travel-information\/#primaryimage"},"image":{"@id":"https:\/\/cofionline.org\/get-training\/cofi-center-for-action-and-learning\/travel-information\/#primaryimage"},"thumbnailUrl":"https:\/\/cofionline.org\/wp-content\/uploads\/2022\/11\/IMG_0721-scaled-e1722957539213.jpg","datePublished":"2022-11-07T14:38:37+00:00","dateModified":"2024-09-25T02:15:12+00:00","description":"\u00bfNecesita informaci\u00f3n de viaje para un pr\u00f3ximo taller del Centro COFI? Encuentre informaci\u00f3n sobre hoteles, transporte p\u00fablico y estacionamiento aqu\u00ed.","breadcrumb":{"@id":"https:\/\/cofionline.org\/get-training\/cofi-center-for-action-and-learning\/travel-information\/#breadcrumb"},"inLanguage":"es","potentialAction":[{"@type":"ReadAction","target":["https:\/\/cofionline.org\/get-training\/cofi-center-for-action-and-learning\/travel-information\/"]}]},{"@type":"ImageObject","inLanguage":"es","@id":"https:\/\/cofionline.org\/get-training\/cofi-center-for-action-and-learning\/travel-information\/#primaryimage","url":"https:\/\/cofionline.org\/wp-content\/uploads\/2022\/11\/IMG_0721-scaled-e1722957539213.jpg","contentUrl":"https:\/\/cofionline.org\/wp-content\/uploads\/2022\/11\/IMG_0721-scaled-e1722957539213.jpg","width":2208,"height":920,"caption":"A large group of COFI Center workshop participants pose for a photo"},{"@type":"BreadcrumbList","@id":"https:\/\/cofionline.org\/get-training\/cofi-center-for-action-and-learning\/travel-information\/#breadcrumb","itemListElement":[{"@type":"ListItem","position":1,"name":"Home","item":"https:\/\/cofionline.org\/"},{"@type":"ListItem","position":2,"name":"Get Training","item":"https:\/\/cofionline.org\/get-training\/"},{"@type":"ListItem","position":3,"name":"COFI Center for Action and Learning","item":"https:\/\/cofionline.org\/get-training\/cofi-center-for-action-and-learning\/"},{"@type":"ListItem","position":4,"name":"Travel Information"}]},{"@type":"WebSite","@id":"https:\/\/cofionline.org\/#website","url":"https:\/\/cofionline.org\/","name":"COFI | Organizaci\u00f3n comunitaria y asuntos familiares","description":"Organizaci\u00f3n comunitaria y asuntos familiares","publisher":{"@id":"https:\/\/cofionline.org\/#organization"},"potentialAction":[{"@type":"SearchAction","target":{"@type":"EntryPoint","urlTemplate":"https:\/\/cofionline.org\/?s={search_term_string}"},"query-input":{"@type":"PropertyValueSpecification","valueRequired":true,"valueName":"search_term_string"}}],"inLanguage":"es"},{"@type":"Organization","@id":"https:\/\/cofionline.org\/#organization","name":"COFI | Organizaci\u00f3n comunitaria y asuntos familiares","url":"https:\/\/cofionline.org\/","logo":{"@type":"ImageObject","inLanguage":"es","@id":"https:\/\/cofionline.org\/#\/schema\/logo\/image\/","url":"https:\/\/cofionline.org\/wp-content\/uploads\/2022\/12\/logo-cofi.png","contentUrl":"https:\/\/cofionline.org\/wp-content\/uploads\/2022\/12\/logo-cofi.png","width":518,"height":180,"caption":"COFI | Community Organizing and Family Issues"},"image":{"@id":"https:\/\/cofionline.org\/#\/schema\/logo\/image\/"}}]}},"_links":{"self":[{"href":"https:\/\/cofionline.org\/es\/wp-json\/wp\/v2\/pages\/1939","targetHints":{"allow":["GET"]}}],"collection":[{"href":"https:\/\/cofionline.org\/es\/wp-json\/wp\/v2\/pages"}],"about":[{"href":"https:\/\/cofionline.org\/es\/wp-json\/wp\/v2\/types\/page"}],"author":[{"embeddable":true,"href":"https:\/\/cofionline.org\/es\/wp-json\/wp\/v2\/users\/13"}],"replies":[{"embeddable":true,"href":"https:\/\/cofionline.org\/es\/wp-json\/wp\/v2\/comments?post=1939"}],"version-history":[{"count":0,"href":"https:\/\/cofionline.org\/es\/wp-json\/wp\/v2\/pages\/1939\/revisions"}],"up":[{"embeddable":true,"href":"https:\/\/cofionline.org\/es\/wp-json\/wp\/v2\/pages\/1937"}],"wp:featuredmedia":[{"embeddable":true,"href":"https:\/\/cofionline.org\/es\/wp-json\/wp\/v2\/media\/2370"}],"wp:attachment":[{"href":"https:\/\/cofionline.org\/es\/wp-json\/wp\/v2\/media?parent=1939"}],"curies":[{"name":"wp","href":"https:\/\/api.w.org\/{rel}","templated":true}]}}